{"id":482,"date":"2026-05-01T01:11:46","date_gmt":"2026-05-01T01:11:46","guid":{"rendered":"https:\/\/ingenieroelectricocr.com\/?page_id=482"},"modified":"2026-05-01T13:56:48","modified_gmt":"2026-05-01T13:56:48","slug":"control-automatico-y-automatizacion-electrica-en-san-jose","status":"publish","type":"page","link":"https:\/\/ingenieroelectricocr.com\/index.php\/control-automatico-y-automatizacion-electrica-en-san-jose\/","title":{"rendered":"Control autom\u00e1tico y automatizaci\u00f3n el\u00e9ctrica en San Jos\u00e9"},"content":{"rendered":"\t\t<div data-elementor-type=\"wp-page\" data-elementor-id=\"482\" class=\"elementor elementor-482\">\n\t\t\t\t\t\t<section class=\"elementor-section elementor-top-section elementor-element elementor-element-bd131ed elementor-section-boxed elementor-section-height-default elementor-section-height-default\" data-id=\"bd131ed\" data-element_type=\"section\" data-e-type=\"section\">\n\t\t\t\t\t\t<div class=\"elementor-container elementor-column-gap-default\">\n\t\t\t\t\t<div class=\"elementor-column elementor-col-100 elementor-top-column elementor-element elementor-element-fe804b3\" data-id=\"fe804b3\" data-element_type=\"column\" data-e-type=\"column\">\n\t\t\t<div class=\"elementor-widget-wrap\">\n\t\t\t\t\t\t\t<\/div>\n\t\t<\/div>\n\t\t\t\t\t<\/div>\n\t\t<\/section>\n\t\t\t\t<section class=\"elementor-section elementor-top-section elementor-element elementor-element-1293194 elementor-section-boxed elementor-section-height-default elementor-section-height-default\" data-id=\"1293194\" data-element_type=\"section\" data-e-type=\"section\">\n\t\t\t\t\t\t<div class=\"elementor-container elementor-column-gap-default\">\n\t\t\t\t\t<div class=\"elementor-column elementor-col-100 elementor-top-column elementor-element elementor-element-8b7c6a1\" data-id=\"8b7c6a1\" data-element_type=\"column\" data-e-type=\"column\">\n\t\t\t<div class=\"elementor-widget-wrap elementor-element-populated\">\n\t\t\t\t\t\t<div class=\"elementor-element elementor-element-f499ca1 elementor-widget elementor-widget-text-editor\" data-id=\"f499ca1\" data-element_type=\"widget\" data-e-type=\"widget\" data-widget_type=\"text-editor.default\">\n\t\t\t\t<div class=\"elementor-widget-container\">\n\t\t\t\t\t\t\t\t\t<p>Deja de perder dinero por fallas el\u00e9ctricas<\/p><h1>Automatizamos tu sistema para hacerlo m\u00e1s eficiente, seguro y r\u00e1pido<\/h1><p>\ud83d\udc49 Cotiza por WhatsApp<\/p><p>\u00a0<\/p><p>\ud83d\udea8\u00bfFallas constantes?<\/p><p>\u00bfAlto consumo el\u00e9ctrico?<\/p><p>\u00bfProcesos lentos?<\/p><p>\ud83d\udc49 Est\u00e1s perdiendo dinero<\/p><h1>\ud83d\udca1Automatizamos tu sistema con tecnolog\u00eda moderna:<\/h1><p>\u2714 PLC<\/p><p>\u2714 Tableros el\u00e9ctricos<\/p><p>\u2714 Instalaci\u00f3n completa<\/p><p>\u2714 Mantenimiento<\/p><h1>\ud83d\udd27Automatizaci\u00f3n industrial<\/h1><p>Instalaciones el\u00e9ctricas<\/p><p>Control de bombas<\/p><p>Sistemas inteligentes<\/p><p>\ud83d\udccdServicio en San Jos\u00e9<\/p><p>\ud83d\udcdeNo sigas perdiendo dinero<\/p><p>\ud83d\udc49 Escr\u00edbenos por WhatsApp y cotiza gratis<\/p>\t\t\t\t\t\t\t\t<\/div>\n\t\t\t\t<\/div>\n\t\t\t\t\t<\/div>\n\t\t<\/div>\n\t\t\t\t\t<\/div>\n\t\t<\/section>\n\t\t\t\t<section class=\"elementor-section elementor-top-section elementor-element elementor-element-d9b3327 elementor-section-boxed elementor-section-height-default elementor-section-height-default\" data-id=\"d9b3327\" data-element_type=\"section\" data-e-type=\"section\">\n\t\t\t\t\t\t<div class=\"elementor-container elementor-column-gap-default\">\n\t\t\t\t\t<div class=\"elementor-column elementor-col-100 elementor-top-column elementor-element elementor-element-65bf4d0\" data-id=\"65bf4d0\" data-element_type=\"column\" data-e-type=\"column\">\n\t\t\t<div class=\"elementor-widget-wrap elementor-element-populated\">\n\t\t\t\t\t\t<div class=\"elementor-element elementor-element-316f5cf elementor-widget elementor-widget-image\" data-id=\"316f5cf\" data-element_type=\"widget\" data-e-type=\"widget\" data-widget_type=\"image.default\">\n\t\t\t\t<div class=\"elementor-widget-container\">\n\t\t\t\t\t\t\t\t\t\t\t\t\t\t\t<img fetchpriority=\"high\" decoding=\"async\" width=\"1024\" height=\"683\" src=\"https:\/\/ingenieroelectricocr.com\/wp-content\/uploads\/2026\/05\/file_00000000ac6071fb8e4973b9e753754d-1024x683.png\" class=\"attachment-large size-large wp-image-509\" alt=\"\" srcset=\"https:\/\/ingenieroelectricocr.com\/wp-content\/uploads\/2026\/05\/file_00000000ac6071fb8e4973b9e753754d-1024x683.png 1024w, https:\/\/ingenieroelectricocr.com\/wp-content\/uploads\/2026\/05\/file_00000000ac6071fb8e4973b9e753754d-300x200.png 300w, https:\/\/ingenieroelectricocr.com\/wp-content\/uploads\/2026\/05\/file_00000000ac6071fb8e4973b9e753754d-768x512.png 768w, https:\/\/ingenieroelectricocr.com\/wp-content\/uploads\/2026\/05\/file_00000000ac6071fb8e4973b9e753754d.png 1536w\" sizes=\"(max-width: 1024px) 100vw, 1024px\" \/>\t\t\t\t\t\t\t\t\t\t\t\t\t\t\t<\/div>\n\t\t\t\t<\/div>\n\t\t\t\t\t<\/div>\n\t\t<\/div>\n\t\t\t\t\t<\/div>\n\t\t<\/section>\n\t\t\t\t<\/div>\n\t\t","protected":false},"excerpt":{"rendered":"<p>Deja de perder dinero por fallas el\u00e9ctricas Automatizamos tu sistema para hacerlo m\u00e1s eficiente, seguro y r\u00e1pido \ud83d\udc49 Cotiza por WhatsApp \u00a0 \ud83d\udea8\u00bfFallas constantes? \u00bfAlto consumo el\u00e9ctrico? \u00bfProcesos lentos? \ud83d\udc49 Est\u00e1s perdiendo dinero \ud83d\udca1Automatizamos tu sistema con tecnolog\u00eda moderna: \u2714 PLC \u2714 Tableros el\u00e9ctricos \u2714 Instalaci\u00f3n completa \u2714 Mantenimiento \ud83d\udd27Automatizaci\u00f3n industrial Instalaciones el\u00e9ctricas Control de [&hellip;]<\/p>\n","protected":false},"author":1,"featured_media":0,"parent":0,"menu_order":0,"comment_status":"closed","ping_status":"closed","template":"","meta":{"footnotes":""},"class_list":["post-482","page","type-page","status-publish","hentry"],"yoast_head":"<!-- This site is optimized with the Yoast SEO plugin v27.5 - https:\/\/yoast.com\/product\/yoast-seo-wordpress\/ -->\n<title>Control autom\u00e1tico y automatizaci\u00f3n el\u00e9ctrica en San Jos\u00e9 - Ingeniero El\u00e9ctrico<\/title>\n<meta name=\"description\" content=\"Soluciones profesionales en automatizaci\u00f3n industrial, control el\u00e9ctrico y optimizaci\u00f3n de procesos en Costa Rica.\" \/>\n<meta name=\"robots\" content=\"index, follow, max-snippet:-1, max-image-preview:large, max-video-preview:-1\" \/>\n<link rel=\"canonical\" href=\"https:\/\/ingenieroelectricocr.com\/index.php\/control-automatico-y-automatizacion-electrica-en-san-jose\/\" \/>\n<meta property=\"og:locale\" content=\"en_US\" \/>\n<meta property=\"og:type\" content=\"article\" \/>\n<meta property=\"og:title\" content=\"Control autom\u00e1tico y automatizaci\u00f3n el\u00e9ctrica en San Jos\u00e9 - Ingeniero El\u00e9ctrico\" \/>\n<meta property=\"og:description\" content=\"Soluciones profesionales en automatizaci\u00f3n industrial, control el\u00e9ctrico y optimizaci\u00f3n de procesos en Costa Rica.\" \/>\n<meta property=\"og:url\" content=\"https:\/\/ingenieroelectricocr.com\/index.php\/control-automatico-y-automatizacion-electrica-en-san-jose\/\" \/>\n<meta property=\"og:site_name\" content=\"Ingeniero El\u00e9ctrico\" \/>\n<meta property=\"article:modified_time\" content=\"2026-05-01T13:56:48+00:00\" \/>\n<meta property=\"og:image\" content=\"http:\/\/ingenieroelectricocr.com\/wp-content\/uploads\/2026\/05\/file_00000000ac6071fb8e4973b9e753754d-1024x683.png\" \/>\n<meta name=\"twitter:card\" content=\"summary_large_image\" \/>\n<meta name=\"twitter:label1\" content=\"Est. reading time\" \/>\n\t<meta name=\"twitter:data1\" content=\"3 minutes\" \/>\n<script type=\"application\/ld+json\" class=\"yoast-schema-graph\">{\"@context\":\"https:\\\/\\\/schema.org\",\"@graph\":[{\"@type\":\"WebPage\",\"@id\":\"https:\\\/\\\/ingenieroelectricocr.com\\\/index.php\\\/control-automatico-y-automatizacion-electrica-en-san-jose\\\/\",\"url\":\"https:\\\/\\\/ingenieroelectricocr.com\\\/index.php\\\/control-automatico-y-automatizacion-electrica-en-san-jose\\\/\",\"name\":\"Control autom\u00e1tico y automatizaci\u00f3n el\u00e9ctrica en San Jos\u00e9 - Ingeniero El\u00e9ctrico\",\"isPartOf\":{\"@id\":\"https:\\\/\\\/ingenieroelectricocr.com\\\/#website\"},\"primaryImageOfPage\":{\"@id\":\"https:\\\/\\\/ingenieroelectricocr.com\\\/index.php\\\/control-automatico-y-automatizacion-electrica-en-san-jose\\\/#primaryimage\"},\"image\":{\"@id\":\"https:\\\/\\\/ingenieroelectricocr.com\\\/index.php\\\/control-automatico-y-automatizacion-electrica-en-san-jose\\\/#primaryimage\"},\"thumbnailUrl\":\"http:\\\/\\\/ingenieroelectricocr.com\\\/wp-content\\\/uploads\\\/2026\\\/05\\\/file_00000000ac6071fb8e4973b9e753754d-1024x683.png\",\"datePublished\":\"2026-05-01T01:11:46+00:00\",\"dateModified\":\"2026-05-01T13:56:48+00:00\",\"description\":\"Soluciones profesionales en automatizaci\u00f3n industrial, control el\u00e9ctrico y optimizaci\u00f3n de procesos en Costa Rica.\",\"breadcrumb\":{\"@id\":\"https:\\\/\\\/ingenieroelectricocr.com\\\/index.php\\\/control-automatico-y-automatizacion-electrica-en-san-jose\\\/#breadcrumb\"},\"inLanguage\":\"en-US\",\"potentialAction\":[{\"@type\":\"ReadAction\",\"target\":[\"https:\\\/\\\/ingenieroelectricocr.com\\\/index.php\\\/control-automatico-y-automatizacion-electrica-en-san-jose\\\/\"]}]},{\"@type\":\"ImageObject\",\"inLanguage\":\"en-US\",\"@id\":\"https:\\\/\\\/ingenieroelectricocr.com\\\/index.php\\\/control-automatico-y-automatizacion-electrica-en-san-jose\\\/#primaryimage\",\"url\":\"https:\\\/\\\/ingenieroelectricocr.com\\\/wp-content\\\/uploads\\\/2026\\\/05\\\/file_00000000ac6071fb8e4973b9e753754d.png\",\"contentUrl\":\"https:\\\/\\\/ingenieroelectricocr.com\\\/wp-content\\\/uploads\\\/2026\\\/05\\\/file_00000000ac6071fb8e4973b9e753754d.png\",\"width\":1536,\"height\":1024},{\"@type\":\"BreadcrumbList\",\"@id\":\"https:\\\/\\\/ingenieroelectricocr.com\\\/index.php\\\/control-automatico-y-automatizacion-electrica-en-san-jose\\\/#breadcrumb\",\"itemListElement\":[{\"@type\":\"ListItem\",\"position\":1,\"name\":\"Portada\",\"item\":\"https:\\\/\\\/ingenieroelectricocr.com\\\/\"},{\"@type\":\"ListItem\",\"position\":2,\"name\":\"Control autom\u00e1tico y automatizaci\u00f3n el\u00e9ctrica en San Jos\u00e9\"}]},{\"@type\":\"WebSite\",\"@id\":\"https:\\\/\\\/ingenieroelectricocr.com\\\/#website\",\"url\":\"https:\\\/\\\/ingenieroelectricocr.com\\\/\",\"name\":\"Ingeniero El\u00e9ctrico\",\"description\":\"Tramitamos sus proyectos el\u00e9ctricos en el CFIA, consulte por nuestros servicios.\",\"publisher\":{\"@id\":\"https:\\\/\\\/ingenieroelectricocr.com\\\/#\\\/schema\\\/person\\\/c5168fd65f62c7f0e77d2960defb1a37\"},\"alternateName\":\"Ingeniero el\u00e9ctrico Miguel\",\"potentialAction\":[{\"@type\":\"SearchAction\",\"target\":{\"@type\":\"EntryPoint\",\"urlTemplate\":\"https:\\\/\\\/ingenieroelectricocr.com\\\/?s={search_term_string}\"},\"query-input\":{\"@type\":\"PropertyValueSpecification\",\"valueRequired\":true,\"valueName\":\"search_term_string\"}}],\"inLanguage\":\"en-US\"},{\"@type\":[\"Person\",\"Organization\"],\"@id\":\"https:\\\/\\\/ingenieroelectricocr.com\\\/#\\\/schema\\\/person\\\/c5168fd65f62c7f0e77d2960defb1a37\",\"name\":\"ingenieroelectricocr.com\",\"image\":{\"@type\":\"ImageObject\",\"inLanguage\":\"en-US\",\"@id\":\"https:\\\/\\\/ingenieroelectricocr.com\\\/wp-content\\\/uploads\\\/2023\\\/07\\\/cropped-cropped-MiguelRojas30_1-ing-miguel.png\",\"url\":\"https:\\\/\\\/ingenieroelectricocr.com\\\/wp-content\\\/uploads\\\/2023\\\/07\\\/cropped-cropped-MiguelRojas30_1-ing-miguel.png\",\"contentUrl\":\"https:\\\/\\\/ingenieroelectricocr.com\\\/wp-content\\\/uploads\\\/2023\\\/07\\\/cropped-cropped-MiguelRojas30_1-ing-miguel.png\",\"width\":512,\"height\":171,\"caption\":\"ingenieroelectricocr.com\"},\"logo\":{\"@id\":\"https:\\\/\\\/ingenieroelectricocr.com\\\/wp-content\\\/uploads\\\/2023\\\/07\\\/cropped-cropped-MiguelRojas30_1-ing-miguel.png\"},\"sameAs\":[\"http:\\\/\\\/ingenieroelectricocr.com\"]}]}<\/script>\n<!-- \/ Yoast SEO plugin. -->","yoast_head_json":{"title":"Control autom\u00e1tico y automatizaci\u00f3n el\u00e9ctrica en San Jos\u00e9 - Ingeniero El\u00e9ctrico","description":"Soluciones profesionales en automatizaci\u00f3n industrial, control el\u00e9ctrico y optimizaci\u00f3n de procesos en Costa Rica.","robots":{"index":"index","follow":"follow","max-snippet":"max-snippet:-1","max-image-preview":"max-image-preview:large","max-video-preview":"max-video-preview:-1"},"canonical":"https:\/\/ingenieroelectricocr.com\/index.php\/control-automatico-y-automatizacion-electrica-en-san-jose\/","og_locale":"en_US","og_type":"article","og_title":"Control autom\u00e1tico y automatizaci\u00f3n el\u00e9ctrica en San Jos\u00e9 - Ingeniero El\u00e9ctrico","og_description":"Soluciones profesionales en automatizaci\u00f3n industrial, control el\u00e9ctrico y optimizaci\u00f3n de procesos en Costa Rica.","og_url":"https:\/\/ingenieroelectricocr.com\/index.php\/control-automatico-y-automatizacion-electrica-en-san-jose\/","og_site_name":"Ingeniero El\u00e9ctrico","article_modified_time":"2026-05-01T13:56:48+00:00","og_image":[{"url":"http:\/\/ingenieroelectricocr.com\/wp-content\/uploads\/2026\/05\/file_00000000ac6071fb8e4973b9e753754d-1024x683.png","type":"","width":"","height":""}],"twitter_card":"summary_large_image","twitter_misc":{"Est. reading time":"3 minutes"},"schema":{"@context":"https:\/\/schema.org","@graph":[{"@type":"WebPage","@id":"https:\/\/ingenieroelectricocr.com\/index.php\/control-automatico-y-automatizacion-electrica-en-san-jose\/","url":"https:\/\/ingenieroelectricocr.com\/index.php\/control-automatico-y-automatizacion-electrica-en-san-jose\/","name":"Control autom\u00e1tico y automatizaci\u00f3n el\u00e9ctrica en San Jos\u00e9 - Ingeniero El\u00e9ctrico","isPartOf":{"@id":"https:\/\/ingenieroelectricocr.com\/#website"},"primaryImageOfPage":{"@id":"https:\/\/ingenieroelectricocr.com\/index.php\/control-automatico-y-automatizacion-electrica-en-san-jose\/#primaryimage"},"image":{"@id":"https:\/\/ingenieroelectricocr.com\/index.php\/control-automatico-y-automatizacion-electrica-en-san-jose\/#primaryimage"},"thumbnailUrl":"http:\/\/ingenieroelectricocr.com\/wp-content\/uploads\/2026\/05\/file_00000000ac6071fb8e4973b9e753754d-1024x683.png","datePublished":"2026-05-01T01:11:46+00:00","dateModified":"2026-05-01T13:56:48+00:00","description":"Soluciones profesionales en automatizaci\u00f3n industrial, control el\u00e9ctrico y optimizaci\u00f3n de procesos en Costa Rica.","breadcrumb":{"@id":"https:\/\/ingenieroelectricocr.com\/index.php\/control-automatico-y-automatizacion-electrica-en-san-jose\/#breadcrumb"},"inLanguage":"en-US","potentialAction":[{"@type":"ReadAction","target":["https:\/\/ingenieroelectricocr.com\/index.php\/control-automatico-y-automatizacion-electrica-en-san-jose\/"]}]},{"@type":"ImageObject","inLanguage":"en-US","@id":"https:\/\/ingenieroelectricocr.com\/index.php\/control-automatico-y-automatizacion-electrica-en-san-jose\/#primaryimage","url":"https:\/\/ingenieroelectricocr.com\/wp-content\/uploads\/2026\/05\/file_00000000ac6071fb8e4973b9e753754d.png","contentUrl":"https:\/\/ingenieroelectricocr.com\/wp-content\/uploads\/2026\/05\/file_00000000ac6071fb8e4973b9e753754d.png","width":1536,"height":1024},{"@type":"BreadcrumbList","@id":"https:\/\/ingenieroelectricocr.com\/index.php\/control-automatico-y-automatizacion-electrica-en-san-jose\/#breadcrumb","itemListElement":[{"@type":"ListItem","position":1,"name":"Portada","item":"https:\/\/ingenieroelectricocr.com\/"},{"@type":"ListItem","position":2,"name":"Control autom\u00e1tico y automatizaci\u00f3n el\u00e9ctrica en San Jos\u00e9"}]},{"@type":"WebSite","@id":"https:\/\/ingenieroelectricocr.com\/#website","url":"https:\/\/ingenieroelectricocr.com\/","name":"Ingeniero El\u00e9ctrico","description":"Tramitamos sus proyectos el\u00e9ctricos en el CFIA, consulte por nuestros servicios.","publisher":{"@id":"https:\/\/ingenieroelectricocr.com\/#\/schema\/person\/c5168fd65f62c7f0e77d2960defb1a37"},"alternateName":"Ingeniero el\u00e9ctrico Miguel","potentialAction":[{"@type":"SearchAction","target":{"@type":"EntryPoint","urlTemplate":"https:\/\/ingenieroelectricocr.com\/?s={search_term_string}"},"query-input":{"@type":"PropertyValueSpecification","valueRequired":true,"valueName":"search_term_string"}}],"inLanguage":"en-US"},{"@type":["Person","Organization"],"@id":"https:\/\/ingenieroelectricocr.com\/#\/schema\/person\/c5168fd65f62c7f0e77d2960defb1a37","name":"ingenieroelectricocr.com","image":{"@type":"ImageObject","inLanguage":"en-US","@id":"https:\/\/ingenieroelectricocr.com\/wp-content\/uploads\/2023\/07\/cropped-cropped-MiguelRojas30_1-ing-miguel.png","url":"https:\/\/ingenieroelectricocr.com\/wp-content\/uploads\/2023\/07\/cropped-cropped-MiguelRojas30_1-ing-miguel.png","contentUrl":"https:\/\/ingenieroelectricocr.com\/wp-content\/uploads\/2023\/07\/cropped-cropped-MiguelRojas30_1-ing-miguel.png","width":512,"height":171,"caption":"ingenieroelectricocr.com"},"logo":{"@id":"https:\/\/ingenieroelectricocr.com\/wp-content\/uploads\/2023\/07\/cropped-cropped-MiguelRojas30_1-ing-miguel.png"},"sameAs":["http:\/\/ingenieroelectricocr.com"]}]}},"_links":{"self":[{"href":"https:\/\/ingenieroelectricocr.com\/index.php\/wp-json\/wp\/v2\/pages\/482","targetHints":{"allow":["GET"]}}],"collection":[{"href":"https:\/\/ingenieroelectricocr.com\/index.php\/wp-json\/wp\/v2\/pages"}],"about":[{"href":"https:\/\/ingenieroelectricocr.com\/index.php\/wp-json\/wp\/v2\/types\/page"}],"author":[{"embeddable":true,"href":"https:\/\/ingenieroelectricocr.com\/index.php\/wp-json\/wp\/v2\/users\/1"}],"replies":[{"embeddable":true,"href":"https:\/\/ingenieroelectricocr.com\/index.php\/wp-json\/wp\/v2\/comments?post=482"}],"version-history":[{"count":16,"href":"https:\/\/ingenieroelectricocr.com\/index.php\/wp-json\/wp\/v2\/pages\/482\/revisions"}],"predecessor-version":[{"id":512,"href":"https:\/\/ingenieroelectricocr.com\/index.php\/wp-json\/wp\/v2\/pages\/482\/revisions\/512"}],"wp:attachment":[{"href":"https:\/\/ingenieroelectricocr.com\/index.php\/wp-json\/wp\/v2\/media?parent=482"}],"curies":[{"name":"wp","href":"https:\/\/api.w.org\/{rel}","templated":true}]}}