{"id":430,"date":"2026-04-27T03:37:21","date_gmt":"2026-04-27T03:37:21","guid":{"rendered":"https:\/\/ingenieroelectricocr.com\/?page_id=430"},"modified":"2026-04-27T03:45:38","modified_gmt":"2026-04-27T03:45:38","slug":"ingeniero-electrico-en-san-jose","status":"publish","type":"page","link":"https:\/\/ingenieroelectricocr.com\/index.php\/ingeniero-electrico-en-san-jose\/","title":{"rendered":"Ingeniero el\u00e9ctrico en San Jos\u00e9"},"content":{"rendered":"\t\t<div data-elementor-type=\"wp-page\" data-elementor-id=\"430\" class=\"elementor elementor-430\">\n\t\t\t\t\t\t<section class=\"elementor-section elementor-top-section elementor-element elementor-element-b51b88f elementor-section-boxed elementor-section-height-default elementor-section-height-default\" data-id=\"b51b88f\" data-element_type=\"section\" data-e-type=\"section\">\n\t\t\t\t\t\t<div class=\"elementor-container elementor-column-gap-default\">\n\t\t\t\t\t<div class=\"elementor-column elementor-col-100 elementor-top-column elementor-element elementor-element-94ea042\" data-id=\"94ea042\" data-element_type=\"column\" data-e-type=\"column\">\n\t\t\t<div class=\"elementor-widget-wrap elementor-element-populated\">\n\t\t\t\t\t\t<div class=\"elementor-element elementor-element-0d6061a elementor-widget elementor-widget-heading\" data-id=\"0d6061a\" data-element_type=\"widget\" data-e-type=\"widget\" data-widget_type=\"heading.default\">\n\t\t\t\t<div class=\"elementor-widget-container\">\n\t\t\t\t\t<h1 class=\"elementor-heading-title elementor-size-default\"><h1>Ingeniero El\u00e9ctrico en San Jos\u00e9 | Planos, Certificaci\u00f3n y Verificaci\u00f3n<\/h1>\n\n<p>Servicio profesional para tr\u00e1mites el\u00e9ctricos en San Jos\u00e9. Atenci\u00f3n r\u00e1pida para aprobaci\u00f3n ante CFIA, bancos y Ministerio de Salud.<\/p><\/h1>\t\t\t\t<\/div>\n\t\t\t\t<\/div>\n\t\t\t\t\t<\/div>\n\t\t<\/div>\n\t\t\t\t\t<\/div>\n\t\t<\/section>\n\t\t\t\t<section class=\"elementor-section elementor-top-section elementor-element elementor-element-7d26244 elementor-section-boxed elementor-section-height-default elementor-section-height-default\" data-id=\"7d26244\" data-element_type=\"section\" data-e-type=\"section\">\n\t\t\t\t\t\t<div class=\"elementor-container elementor-column-gap-default\">\n\t\t\t\t\t<div class=\"elementor-column elementor-col-100 elementor-top-column elementor-element elementor-element-8fab1f0\" data-id=\"8fab1f0\" data-element_type=\"column\" data-e-type=\"column\">\n\t\t\t<div class=\"elementor-widget-wrap elementor-element-populated\">\n\t\t\t\t\t\t<div class=\"elementor-element elementor-element-db0fcb7 elementor-widget elementor-widget-heading\" data-id=\"db0fcb7\" data-element_type=\"widget\" data-e-type=\"widget\" data-widget_type=\"heading.default\">\n\t\t\t\t<div class=\"elementor-widget-container\">\n\t\t\t\t\t<h2 class=\"elementor-heading-title elementor-size-default\"><h2>\u00bfNecesita aprobar un tr\u00e1mite el\u00e9ctrico en San Jos\u00e9?<\/h2>\n\n<p>Si su propiedad requiere planos el\u00e9ctricos, certificaci\u00f3n o verificaci\u00f3n, es importante cumplir correctamente con los requisitos t\u00e9cnicos para evitar rechazos o atrasos.<\/p>\n\n<p>Brindamos el servicio completo para que su tr\u00e1mite sea aprobado sin complicaciones.<\/p><\/h2>\t\t\t\t<\/div>\n\t\t\t\t<\/div>\n\t\t\t\t\t<\/div>\n\t\t<\/div>\n\t\t\t\t\t<\/div>\n\t\t<\/section>\n\t\t\t\t<section class=\"elementor-section elementor-top-section elementor-element elementor-element-8a1d956 elementor-section-boxed elementor-section-height-default elementor-section-height-default\" data-id=\"8a1d956\" data-element_type=\"section\" data-e-type=\"section\">\n\t\t\t\t\t\t<div class=\"elementor-container elementor-column-gap-default\">\n\t\t\t\t\t<div class=\"elementor-column elementor-col-100 elementor-top-column elementor-element elementor-element-66d52c7\" data-id=\"66d52c7\" data-element_type=\"column\" data-e-type=\"column\">\n\t\t\t<div class=\"elementor-widget-wrap elementor-element-populated\">\n\t\t\t\t\t\t<div class=\"elementor-element elementor-element-b4eff71 elementor-widget elementor-widget-heading\" data-id=\"b4eff71\" data-element_type=\"widget\" data-e-type=\"widget\" data-widget_type=\"heading.default\">\n\t\t\t\t<div class=\"elementor-widget-container\">\n\t\t\t\t\t<h2 class=\"elementor-heading-title elementor-size-default\"><h2>Servicios el\u00e9ctricos en San Jos\u00e9<\/h2>\n\n<h3>Planos el\u00e9ctricos CFIA<\/h3>\n<p>Dise\u00f1o y gesti\u00f3n completa para aprobaci\u00f3n ante CFIA en San Jos\u00e9.<\/p>\n\n<h3>Certificaci\u00f3n el\u00e9ctrica<\/h3>\n<p>Servicio requerido por bancos, ventas de propiedades y tr\u00e1mites legales.<\/p>\n\n<h3>Verificaci\u00f3n el\u00e9ctrica Ministerio de Salud<\/h3>\n<p>Inspecci\u00f3n t\u00e9cnica para cumplir requisitos sanitarios en locales comerciales.<\/p>\n\n<h3>Solicitud de medidor el\u00e9ctrico<\/h3>\n<p>Tr\u00e1mite ante CNFL, ICE y otras entidades en San Jos\u00e9.<\/p><\/h2>\t\t\t\t<\/div>\n\t\t\t\t<\/div>\n\t\t\t\t\t<\/div>\n\t\t<\/div>\n\t\t\t\t\t<\/div>\n\t\t<\/section>\n\t\t\t\t<section class=\"elementor-section elementor-top-section elementor-element elementor-element-79e9eca elementor-section-boxed elementor-section-height-default elementor-section-height-default\" data-id=\"79e9eca\" data-element_type=\"section\" data-e-type=\"section\">\n\t\t\t\t\t\t<div class=\"elementor-container elementor-column-gap-default\">\n\t\t\t\t\t<div class=\"elementor-column elementor-col-100 elementor-top-column elementor-element elementor-element-8c9b146\" data-id=\"8c9b146\" data-element_type=\"column\" data-e-type=\"column\">\n\t\t\t<div class=\"elementor-widget-wrap elementor-element-populated\">\n\t\t\t\t\t\t<div class=\"elementor-element elementor-element-9f065bb elementor-widget elementor-widget-heading\" data-id=\"9f065bb\" data-element_type=\"widget\" data-e-type=\"widget\" data-widget_type=\"heading.default\">\n\t\t\t\t<div class=\"elementor-widget-container\">\n\t\t\t\t\t<h2 class=\"elementor-heading-title elementor-size-default\"><h2>Importante<\/h2>\n\n<p>Este servicio es para quienes necesitan realizar el tr\u00e1mite completo. No brindamos listas de requisitos ni asesor\u00eda gratuita.<\/p>\n\n<p>Nos encargamos del proceso t\u00e9cnico para su aprobaci\u00f3n.<\/p><\/h2>\t\t\t\t<\/div>\n\t\t\t\t<\/div>\n\t\t\t\t\t<\/div>\n\t\t<\/div>\n\t\t\t\t\t<\/div>\n\t\t<\/section>\n\t\t\t\t<section class=\"elementor-section elementor-top-section elementor-element elementor-element-6432784 elementor-section-boxed elementor-section-height-default elementor-section-height-default\" data-id=\"6432784\" data-element_type=\"section\" data-e-type=\"section\">\n\t\t\t\t\t\t<div class=\"elementor-container elementor-column-gap-default\">\n\t\t\t\t\t<div class=\"elementor-column elementor-col-100 elementor-top-column elementor-element elementor-element-9a20a7a\" data-id=\"9a20a7a\" data-element_type=\"column\" data-e-type=\"column\">\n\t\t\t<div class=\"elementor-widget-wrap elementor-element-populated\">\n\t\t\t\t\t\t<div class=\"elementor-element elementor-element-4a0ba7e elementor-widget elementor-widget-heading\" data-id=\"4a0ba7e\" data-element_type=\"widget\" data-e-type=\"widget\" data-widget_type=\"heading.default\">\n\t\t\t\t<div class=\"elementor-widget-container\">\n\t\t\t\t\t<h2 class=\"elementor-heading-title elementor-size-default\"><h2>Atenci\u00f3n en San Jos\u00e9<\/h2>\n\n<p>Trabajamos en:<\/p>\n\n<ul>\n<li>Desamparados<\/li>\n<li>Escaz\u00fa<\/li>\n<li>Santa Ana<\/li>\n<li>Tib\u00e1s<\/li>\n<li>Goicoechea<\/li>\n<li>Moravia<\/li>\n<\/ul><\/h2>\t\t\t\t<\/div>\n\t\t\t\t<\/div>\n\t\t\t\t\t<\/div>\n\t\t<\/div>\n\t\t\t\t\t<\/div>\n\t\t<\/section>\n\t\t\t\t<section class=\"elementor-section elementor-top-section elementor-element elementor-element-bb302a5 elementor-section-boxed elementor-section-height-default elementor-section-height-default\" data-id=\"bb302a5\" data-element_type=\"section\" data-e-type=\"section\">\n\t\t\t\t\t\t<div class=\"elementor-container elementor-column-gap-default\">\n\t\t\t\t\t<div class=\"elementor-column elementor-col-100 elementor-top-column elementor-element elementor-element-60b515e\" data-id=\"60b515e\" data-element_type=\"column\" data-e-type=\"column\">\n\t\t\t<div class=\"elementor-widget-wrap elementor-element-populated\">\n\t\t\t\t\t\t<div class=\"elementor-element elementor-element-d5287fe elementor-widget elementor-widget-heading\" data-id=\"d5287fe\" data-element_type=\"widget\" data-e-type=\"widget\" data-widget_type=\"heading.default\">\n\t\t\t\t<div class=\"elementor-widget-container\">\n\t\t\t\t\t<h2 class=\"elementor-heading-title elementor-size-default\"><h2>Servicio profesional<\/h2>\n\n<ul>\n<li>Ingeniero el\u00e9ctrico colegiado<\/li>\n<li>Experiencia en tr\u00e1mites reales<\/li>\n<li>Atenci\u00f3n r\u00e1pida<\/li>\n<li>Proceso completo sin complicaciones<\/li>\n<\/ul><\/h2>\t\t\t\t<\/div>\n\t\t\t\t<\/div>\n\t\t\t\t\t<\/div>\n\t\t<\/div>\n\t\t\t\t\t<\/div>\n\t\t<\/section>\n\t\t\t\t<section class=\"elementor-section elementor-top-section elementor-element elementor-element-3583ab1 elementor-section-boxed elementor-section-height-default elementor-section-height-default\" data-id=\"3583ab1\" data-element_type=\"section\" data-e-type=\"section\">\n\t\t\t\t\t\t<div class=\"elementor-container elementor-column-gap-default\">\n\t\t\t\t\t<div class=\"elementor-column elementor-col-100 elementor-top-column elementor-element elementor-element-093eb2c\" data-id=\"093eb2c\" data-element_type=\"column\" data-e-type=\"column\">\n\t\t\t<div class=\"elementor-widget-wrap elementor-element-populated\">\n\t\t\t\t\t\t<div class=\"elementor-element elementor-element-ad6eac1 elementor-widget elementor-widget-heading\" data-id=\"ad6eac1\" data-element_type=\"widget\" data-e-type=\"widget\" data-widget_type=\"heading.default\">\n\t\t\t\t<div class=\"elementor-widget-container\">\n\t\t\t\t\t<h2 class=\"elementor-heading-title elementor-size-default\"><h2>Solicite su cotizaci\u00f3n en San Jos\u00e9<\/h2>\n\n<p>Cont\u00e1ctenos por WhatsApp y reciba atenci\u00f3n inmediata para su tr\u00e1mite el\u00e9ctrico.<\/p><\/h2>\t\t\t\t<\/div>\n\t\t\t\t<\/div>\n\t\t\t\t\t<\/div>\n\t\t<\/div>\n\t\t\t\t\t<\/div>\n\t\t<\/section>\n\t\t\t\t<\/div>\n\t\t","protected":false},"excerpt":{"rendered":"<p>Ingeniero El\u00e9ctrico en San Jos\u00e9 | Planos, Certificaci\u00f3n y Verificaci\u00f3n Servicio profesional para tr\u00e1mites el\u00e9ctricos en San Jos\u00e9. Atenci\u00f3n r\u00e1pida para aprobaci\u00f3n ante CFIA, bancos y Ministerio de Salud. \u00bfNecesita aprobar un tr\u00e1mite el\u00e9ctrico en San Jos\u00e9? Si su propiedad requiere planos el\u00e9ctricos, certificaci\u00f3n o verificaci\u00f3n, es importante cumplir correctamente con los requisitos t\u00e9cnicos para [&hellip;]<\/p>\n","protected":false},"author":1,"featured_media":0,"parent":0,"menu_order":0,"comment_status":"closed","ping_status":"closed","template":"","meta":{"footnotes":""},"class_list":["post-430","page","type-page","status-publish","hentry"],"yoast_head":"<!-- This site is optimized with the Yoast SEO plugin v27.4 - https:\/\/yoast.com\/product\/yoast-seo-wordpress\/ -->\n<title>Ingeniero el\u00e9ctrico en San Jos\u00e9 - Ingeniero El\u00e9ctrico<\/title>\n<meta name=\"robots\" content=\"index, follow, max-snippet:-1, max-image-preview:large, max-video-preview:-1\" \/>\n<link rel=\"canonical\" href=\"https:\/\/ingenieroelectricocr.com\/index.php\/ingeniero-electrico-en-san-jose\/\" \/>\n<meta property=\"og:locale\" content=\"en_US\" \/>\n<meta property=\"og:type\" content=\"article\" \/>\n<meta property=\"og:title\" content=\"Ingeniero el\u00e9ctrico en San Jos\u00e9 - Ingeniero El\u00e9ctrico\" \/>\n<meta property=\"og:description\" content=\"Ingeniero El\u00e9ctrico en San Jos\u00e9 | Planos, Certificaci\u00f3n y Verificaci\u00f3n Servicio profesional para tr\u00e1mites el\u00e9ctricos en San Jos\u00e9. Atenci\u00f3n r\u00e1pida para aprobaci\u00f3n ante CFIA, bancos y Ministerio de Salud. \u00bfNecesita aprobar un tr\u00e1mite el\u00e9ctrico en San Jos\u00e9? Si su propiedad requiere planos el\u00e9ctricos, certificaci\u00f3n o verificaci\u00f3n, es importante cumplir correctamente con los requisitos t\u00e9cnicos para [&hellip;]\" \/>\n<meta property=\"og:url\" content=\"https:\/\/ingenieroelectricocr.com\/index.php\/ingeniero-electrico-en-san-jose\/\" \/>\n<meta property=\"og:site_name\" content=\"Ingeniero El\u00e9ctrico\" \/>\n<meta property=\"article:modified_time\" content=\"2026-04-27T03:45:38+00:00\" \/>\n<meta name=\"twitter:card\" content=\"summary_large_image\" \/>\n<meta name=\"twitter:label1\" content=\"Est. reading time\" \/>\n\t<meta name=\"twitter:data1\" content=\"1 minute\" \/>\n<script type=\"application\/ld+json\" class=\"yoast-schema-graph\">{\"@context\":\"https:\\\/\\\/schema.org\",\"@graph\":[{\"@type\":\"WebPage\",\"@id\":\"https:\\\/\\\/ingenieroelectricocr.com\\\/index.php\\\/ingeniero-electrico-en-san-jose\\\/\",\"url\":\"https:\\\/\\\/ingenieroelectricocr.com\\\/index.php\\\/ingeniero-electrico-en-san-jose\\\/\",\"name\":\"Ingeniero el\u00e9ctrico en San Jos\u00e9 - Ingeniero El\u00e9ctrico\",\"isPartOf\":{\"@id\":\"https:\\\/\\\/ingenieroelectricocr.com\\\/#website\"},\"datePublished\":\"2026-04-27T03:37:21+00:00\",\"dateModified\":\"2026-04-27T03:45:38+00:00\",\"breadcrumb\":{\"@id\":\"https:\\\/\\\/ingenieroelectricocr.com\\\/index.php\\\/ingeniero-electrico-en-san-jose\\\/#breadcrumb\"},\"inLanguage\":\"en-US\",\"potentialAction\":[{\"@type\":\"ReadAction\",\"target\":[\"https:\\\/\\\/ingenieroelectricocr.com\\\/index.php\\\/ingeniero-electrico-en-san-jose\\\/\"]}]},{\"@type\":\"BreadcrumbList\",\"@id\":\"https:\\\/\\\/ingenieroelectricocr.com\\\/index.php\\\/ingeniero-electrico-en-san-jose\\\/#breadcrumb\",\"itemListElement\":[{\"@type\":\"ListItem\",\"position\":1,\"name\":\"Portada\",\"item\":\"https:\\\/\\\/ingenieroelectricocr.com\\\/\"},{\"@type\":\"ListItem\",\"position\":2,\"name\":\"Ingeniero el\u00e9ctrico en San Jos\u00e9\"}]},{\"@type\":\"WebSite\",\"@id\":\"https:\\\/\\\/ingenieroelectricocr.com\\\/#website\",\"url\":\"https:\\\/\\\/ingenieroelectricocr.com\\\/\",\"name\":\"Ingeniero El\u00e9ctrico\",\"description\":\"Tramitamos sus proyectos el\u00e9ctricos en el CFIA, consulte por nuestros servicios.\",\"publisher\":{\"@id\":\"https:\\\/\\\/ingenieroelectricocr.com\\\/#\\\/schema\\\/person\\\/c5168fd65f62c7f0e77d2960defb1a37\"},\"alternateName\":\"Ingeniero el\u00e9ctrico Miguel\",\"potentialAction\":[{\"@type\":\"SearchAction\",\"target\":{\"@type\":\"EntryPoint\",\"urlTemplate\":\"https:\\\/\\\/ingenieroelectricocr.com\\\/?s={search_term_string}\"},\"query-input\":{\"@type\":\"PropertyValueSpecification\",\"valueRequired\":true,\"valueName\":\"search_term_string\"}}],\"inLanguage\":\"en-US\"},{\"@type\":[\"Person\",\"Organization\"],\"@id\":\"https:\\\/\\\/ingenieroelectricocr.com\\\/#\\\/schema\\\/person\\\/c5168fd65f62c7f0e77d2960defb1a37\",\"name\":\"ingenieroelectricocr.com\",\"image\":{\"@type\":\"ImageObject\",\"inLanguage\":\"en-US\",\"@id\":\"https:\\\/\\\/ingenieroelectricocr.com\\\/wp-content\\\/uploads\\\/2023\\\/07\\\/cropped-cropped-MiguelRojas30_1-ing-miguel.png\",\"url\":\"https:\\\/\\\/ingenieroelectricocr.com\\\/wp-content\\\/uploads\\\/2023\\\/07\\\/cropped-cropped-MiguelRojas30_1-ing-miguel.png\",\"contentUrl\":\"https:\\\/\\\/ingenieroelectricocr.com\\\/wp-content\\\/uploads\\\/2023\\\/07\\\/cropped-cropped-MiguelRojas30_1-ing-miguel.png\",\"width\":512,\"height\":171,\"caption\":\"ingenieroelectricocr.com\"},\"logo\":{\"@id\":\"https:\\\/\\\/ingenieroelectricocr.com\\\/wp-content\\\/uploads\\\/2023\\\/07\\\/cropped-cropped-MiguelRojas30_1-ing-miguel.png\"},\"sameAs\":[\"http:\\\/\\\/ingenieroelectricocr.com\"]}]}<\/script>\n<!-- \/ Yoast SEO plugin. -->","yoast_head_json":{"title":"Ingeniero el\u00e9ctrico en San Jos\u00e9 - Ingeniero El\u00e9ctrico","robots":{"index":"index","follow":"follow","max-snippet":"max-snippet:-1","max-image-preview":"max-image-preview:large","max-video-preview":"max-video-preview:-1"},"canonical":"https:\/\/ingenieroelectricocr.com\/index.php\/ingeniero-electrico-en-san-jose\/","og_locale":"en_US","og_type":"article","og_title":"Ingeniero el\u00e9ctrico en San Jos\u00e9 - Ingeniero El\u00e9ctrico","og_description":"Ingeniero El\u00e9ctrico en San Jos\u00e9 | Planos, Certificaci\u00f3n y Verificaci\u00f3n Servicio profesional para tr\u00e1mites el\u00e9ctricos en San Jos\u00e9. Atenci\u00f3n r\u00e1pida para aprobaci\u00f3n ante CFIA, bancos y Ministerio de Salud. \u00bfNecesita aprobar un tr\u00e1mite el\u00e9ctrico en San Jos\u00e9? Si su propiedad requiere planos el\u00e9ctricos, certificaci\u00f3n o verificaci\u00f3n, es importante cumplir correctamente con los requisitos t\u00e9cnicos para [&hellip;]","og_url":"https:\/\/ingenieroelectricocr.com\/index.php\/ingeniero-electrico-en-san-jose\/","og_site_name":"Ingeniero El\u00e9ctrico","article_modified_time":"2026-04-27T03:45:38+00:00","twitter_card":"summary_large_image","twitter_misc":{"Est. reading time":"1 minute"},"schema":{"@context":"https:\/\/schema.org","@graph":[{"@type":"WebPage","@id":"https:\/\/ingenieroelectricocr.com\/index.php\/ingeniero-electrico-en-san-jose\/","url":"https:\/\/ingenieroelectricocr.com\/index.php\/ingeniero-electrico-en-san-jose\/","name":"Ingeniero el\u00e9ctrico en San Jos\u00e9 - Ingeniero El\u00e9ctrico","isPartOf":{"@id":"https:\/\/ingenieroelectricocr.com\/#website"},"datePublished":"2026-04-27T03:37:21+00:00","dateModified":"2026-04-27T03:45:38+00:00","breadcrumb":{"@id":"https:\/\/ingenieroelectricocr.com\/index.php\/ingeniero-electrico-en-san-jose\/#breadcrumb"},"inLanguage":"en-US","potentialAction":[{"@type":"ReadAction","target":["https:\/\/ingenieroelectricocr.com\/index.php\/ingeniero-electrico-en-san-jose\/"]}]},{"@type":"BreadcrumbList","@id":"https:\/\/ingenieroelectricocr.com\/index.php\/ingeniero-electrico-en-san-jose\/#breadcrumb","itemListElement":[{"@type":"ListItem","position":1,"name":"Portada","item":"https:\/\/ingenieroelectricocr.com\/"},{"@type":"ListItem","position":2,"name":"Ingeniero el\u00e9ctrico en San Jos\u00e9"}]},{"@type":"WebSite","@id":"https:\/\/ingenieroelectricocr.com\/#website","url":"https:\/\/ingenieroelectricocr.com\/","name":"Ingeniero El\u00e9ctrico","description":"Tramitamos sus proyectos el\u00e9ctricos en el CFIA, consulte por nuestros servicios.","publisher":{"@id":"https:\/\/ingenieroelectricocr.com\/#\/schema\/person\/c5168fd65f62c7f0e77d2960defb1a37"},"alternateName":"Ingeniero el\u00e9ctrico Miguel","potentialAction":[{"@type":"SearchAction","target":{"@type":"EntryPoint","urlTemplate":"https:\/\/ingenieroelectricocr.com\/?s={search_term_string}"},"query-input":{"@type":"PropertyValueSpecification","valueRequired":true,"valueName":"search_term_string"}}],"inLanguage":"en-US"},{"@type":["Person","Organization"],"@id":"https:\/\/ingenieroelectricocr.com\/#\/schema\/person\/c5168fd65f62c7f0e77d2960defb1a37","name":"ingenieroelectricocr.com","image":{"@type":"ImageObject","inLanguage":"en-US","@id":"https:\/\/ingenieroelectricocr.com\/wp-content\/uploads\/2023\/07\/cropped-cropped-MiguelRojas30_1-ing-miguel.png","url":"https:\/\/ingenieroelectricocr.com\/wp-content\/uploads\/2023\/07\/cropped-cropped-MiguelRojas30_1-ing-miguel.png","contentUrl":"https:\/\/ingenieroelectricocr.com\/wp-content\/uploads\/2023\/07\/cropped-cropped-MiguelRojas30_1-ing-miguel.png","width":512,"height":171,"caption":"ingenieroelectricocr.com"},"logo":{"@id":"https:\/\/ingenieroelectricocr.com\/wp-content\/uploads\/2023\/07\/cropped-cropped-MiguelRojas30_1-ing-miguel.png"},"sameAs":["http:\/\/ingenieroelectricocr.com"]}]}},"_links":{"self":[{"href":"https:\/\/ingenieroelectricocr.com\/index.php\/wp-json\/wp\/v2\/pages\/430","targetHints":{"allow":["GET"]}}],"collection":[{"href":"https:\/\/ingenieroelectricocr.com\/index.php\/wp-json\/wp\/v2\/pages"}],"about":[{"href":"https:\/\/ingenieroelectricocr.com\/index.php\/wp-json\/wp\/v2\/types\/page"}],"author":[{"embeddable":true,"href":"https:\/\/ingenieroelectricocr.com\/index.php\/wp-json\/wp\/v2\/users\/1"}],"replies":[{"embeddable":true,"href":"https:\/\/ingenieroelectricocr.com\/index.php\/wp-json\/wp\/v2\/comments?post=430"}],"version-history":[{"count":4,"href":"https:\/\/ingenieroelectricocr.com\/index.php\/wp-json\/wp\/v2\/pages\/430\/revisions"}],"predecessor-version":[{"id":435,"href":"https:\/\/ingenieroelectricocr.com\/index.php\/wp-json\/wp\/v2\/pages\/430\/revisions\/435"}],"wp:attachment":[{"href":"https:\/\/ingenieroelectricocr.com\/index.php\/wp-json\/wp\/v2\/media?parent=430"}],"curies":[{"name":"wp","href":"https:\/\/api.w.org\/{rel}","templated":true}]}}