{"id":422,"date":"2026-04-27T03:11:08","date_gmt":"2026-04-27T03:11:08","guid":{"rendered":"https:\/\/ingenieroelectricocr.com\/?page_id=422"},"modified":"2026-04-27T03:30:10","modified_gmt":"2026-04-27T03:30:10","slug":"inicio","status":"publish","type":"page","link":"https:\/\/ingenieroelectricocr.com\/index.php\/inicio\/","title":{"rendered":"INICIO"},"content":{"rendered":"\t\t<div data-elementor-type=\"wp-page\" data-elementor-id=\"422\" class=\"elementor elementor-422\">\n\t\t\t\t\t\t<section class=\"elementor-section elementor-top-section elementor-element elementor-element-322488f elementor-section-boxed elementor-section-height-default elementor-section-height-default\" data-id=\"322488f\" data-element_type=\"section\" data-e-type=\"section\">\n\t\t\t\t\t\t<div class=\"elementor-container elementor-column-gap-default\">\n\t\t\t\t\t<div class=\"elementor-column elementor-col-100 elementor-top-column elementor-element elementor-element-94e4e2f\" data-id=\"94e4e2f\" data-element_type=\"column\" data-e-type=\"column\">\n\t\t\t<div class=\"elementor-widget-wrap elementor-element-populated\">\n\t\t\t\t\t\t<div class=\"elementor-element elementor-element-3045864 elementor-widget elementor-widget-heading\" data-id=\"3045864\" data-element_type=\"widget\" data-e-type=\"widget\" data-widget_type=\"heading.default\">\n\t\t\t\t<div class=\"elementor-widget-container\">\n\t\t\t\t\t<h2 class=\"elementor-heading-title elementor-size-default\"><h1>Ingeniero El\u00e9ctrico en Costa Rica | Planos, Certificaci\u00f3n y Verificaci\u00f3n<\/h1>\n\n<p>Ingeniero el\u00e9ctrico colegiado que brinda servicios profesionales en planos el\u00e9ctricos CFIA, certificaciones el\u00e9ctricas y verificaci\u00f3n para Ministerio de Salud en Costa Rica.<\/p><\/h2>\t\t\t\t<\/div>\n\t\t\t\t<\/div>\n\t\t\t\t\t<\/div>\n\t\t<\/div>\n\t\t\t\t\t<\/div>\n\t\t<\/section>\n\t\t\t\t<section class=\"elementor-section elementor-top-section elementor-element elementor-element-8d4489a elementor-section-boxed elementor-section-height-default elementor-section-height-default\" data-id=\"8d4489a\" data-element_type=\"section\" data-e-type=\"section\">\n\t\t\t\t\t\t<div class=\"elementor-container elementor-column-gap-default\">\n\t\t\t\t\t<div class=\"elementor-column elementor-col-100 elementor-top-column elementor-element elementor-element-67b8fa6\" data-id=\"67b8fa6\" data-element_type=\"column\" data-e-type=\"column\">\n\t\t\t<div class=\"elementor-widget-wrap elementor-element-populated\">\n\t\t\t\t\t\t<div class=\"elementor-element elementor-element-e2ab5fc elementor-widget elementor-widget-heading\" data-id=\"e2ab5fc\" data-element_type=\"widget\" data-e-type=\"widget\" data-widget_type=\"heading.default\">\n\t\t\t\t<div class=\"elementor-widget-container\">\n\t\t\t\t\t<h2 class=\"elementor-heading-title elementor-size-default\"><h2>Servicios Profesionales<\/h2>\n\n\n\n\n<ul>\n\n<li>Planos el\u00e9ctricos para CFIA<\/li>\n\n<li>Certificaci\u00f3n el\u00e9ctrica para bancos<\/li>\n\n<li>Verificaci\u00f3n el\u00e9ctrica para Ministerio de Salud<\/li>\n\n<li>Solicitud de medidor el\u00e9ctrico ICE, CNFL, JASEC y ESPH<\/li>\n\n<\/ul><\/h2>\t\t\t\t<\/div>\n\t\t\t\t<\/div>\n\t\t\t\t\t<\/div>\n\t\t<\/div>\n\t\t\t\t\t<\/div>\n\t\t<\/section>\n\t\t\t\t<section class=\"elementor-section elementor-top-section elementor-element elementor-element-49d79be elementor-section-boxed elementor-section-height-default elementor-section-height-default\" data-id=\"49d79be\" data-element_type=\"section\" data-e-type=\"section\">\n\t\t\t\t\t\t<div class=\"elementor-container elementor-column-gap-default\">\n\t\t\t\t\t<div class=\"elementor-column elementor-col-100 elementor-top-column elementor-element elementor-element-46f973c\" data-id=\"46f973c\" data-element_type=\"column\" data-e-type=\"column\">\n\t\t\t<div class=\"elementor-widget-wrap elementor-element-populated\">\n\t\t\t\t\t\t<div class=\"elementor-element elementor-element-a0da9c9 elementor-widget elementor-widget-heading\" data-id=\"a0da9c9\" data-element_type=\"widget\" data-e-type=\"widget\" data-widget_type=\"heading.default\">\n\t\t\t\t<div class=\"elementor-widget-container\">\n\t\t\t\t\t<h2 class=\"elementor-heading-title elementor-size-default\"><h2>\u00bfNecesita realizar un tr\u00e1mite el\u00e9ctrico?<\/h2>\n\n<p>Si necesita aprobar una inspecci\u00f3n, tramitar planos el\u00e9ctricos o cumplir requisitos ante instituciones como el CFIA o Ministerio de Salud, le ofrecemos un servicio completo y profesional.<\/p>\n\n<p>Nos encargamos de todo el proceso para que usted no tenga que preocuparse por tr\u00e1mites t\u00e9cnicos.<\/p><\/h2>\t\t\t\t<\/div>\n\t\t\t\t<\/div>\n\t\t\t\t\t<\/div>\n\t\t<\/div>\n\t\t\t\t\t<\/div>\n\t\t<\/section>\n\t\t\t\t<section class=\"elementor-section elementor-top-section elementor-element elementor-element-f3fe6f6 elementor-section-boxed elementor-section-height-default elementor-section-height-default\" data-id=\"f3fe6f6\" data-element_type=\"section\" data-e-type=\"section\">\n\t\t\t\t\t\t<div class=\"elementor-container elementor-column-gap-default\">\n\t\t\t\t\t<div class=\"elementor-column elementor-col-100 elementor-top-column elementor-element elementor-element-63ccec1\" data-id=\"63ccec1\" data-element_type=\"column\" data-e-type=\"column\">\n\t\t\t<div class=\"elementor-widget-wrap elementor-element-populated\">\n\t\t\t\t\t\t<div class=\"elementor-element elementor-element-239754b elementor-widget elementor-widget-heading\" data-id=\"239754b\" data-element_type=\"widget\" data-e-type=\"widget\" data-widget_type=\"heading.default\">\n\t\t\t\t<div class=\"elementor-widget-container\">\n\t\t\t\t\t<h2 class=\"elementor-heading-title elementor-size-default\"><h2>Atenci\u00f3n en Costa Rica<\/h2>\n\n<p>Brindamos servicio en:<\/p>\n\n<ul>\n<li>San Jos\u00e9<\/li>\n<li>Desamparados<\/li>\n<li>Alajuela<\/li>\n<li>Heredia<\/li>\n<li>Cartago<\/li>\n<\/ul><\/h2>\t\t\t\t<\/div>\n\t\t\t\t<\/div>\n\t\t\t\t\t<\/div>\n\t\t<\/div>\n\t\t\t\t\t<\/div>\n\t\t<\/section>\n\t\t\t\t<section class=\"elementor-section elementor-top-section elementor-element elementor-element-a5a9332 elementor-section-boxed elementor-section-height-default elementor-section-height-default\" data-id=\"a5a9332\" data-element_type=\"section\" data-e-type=\"section\">\n\t\t\t\t\t\t<div class=\"elementor-container elementor-column-gap-default\">\n\t\t\t\t\t<div class=\"elementor-column elementor-col-100 elementor-top-column elementor-element elementor-element-2e4a114\" data-id=\"2e4a114\" data-element_type=\"column\" data-e-type=\"column\">\n\t\t\t<div class=\"elementor-widget-wrap elementor-element-populated\">\n\t\t\t\t\t\t<div class=\"elementor-element elementor-element-567ef85 elementor-widget elementor-widget-heading\" data-id=\"567ef85\" data-element_type=\"widget\" data-e-type=\"widget\" data-widget_type=\"heading.default\">\n\t\t\t\t<div class=\"elementor-widget-container\">\n\t\t\t\t\t<h2 class=\"elementor-heading-title elementor-size-default\"><h2>Solicite su cotizaci\u00f3n<\/h2>\n\n<p>Cont\u00e1ctenos por WhatsApp para recibir asesor\u00eda r\u00e1pida y cotizaci\u00f3n sin compromiso.<\/p><\/h2>\t\t\t\t<\/div>\n\t\t\t\t<\/div>\n\t\t\t\t\t<\/div>\n\t\t<\/div>\n\t\t\t\t\t<\/div>\n\t\t<\/section>\n\t\t\t\t<section class=\"elementor-section elementor-top-section elementor-element elementor-element-2135fb3 elementor-section-boxed elementor-section-height-default elementor-section-height-default\" data-id=\"2135fb3\" data-element_type=\"section\" data-e-type=\"section\">\n\t\t\t\t\t\t<div class=\"elementor-container elementor-column-gap-default\">\n\t\t\t\t\t<div class=\"elementor-column elementor-col-100 elementor-top-column elementor-element elementor-element-a587274\" data-id=\"a587274\" data-element_type=\"column\" data-e-type=\"column\">\n\t\t\t<div class=\"elementor-widget-wrap elementor-element-populated\">\n\t\t\t\t\t\t<div class=\"elementor-element elementor-element-4d5ab07 elementor-widget elementor-widget-heading\" data-id=\"4d5ab07\" data-element_type=\"widget\" data-e-type=\"widget\" data-widget_type=\"heading.default\">\n\t\t\t\t<div class=\"elementor-widget-container\">\n\t\t\t\t\t<h2 class=\"elementor-heading-title elementor-size-default\"><h2>Solicite su cotizaci\u00f3n<\/h2>\n\n<p>Cont\u00e1ctenos por WhatsApp para recibir asesor\u00eda r\u00e1pida y cotizaci\u00f3n sin compromiso.<\/p><\/h2>\t\t\t\t<\/div>\n\t\t\t\t<\/div>\n\t\t\t\t\t<\/div>\n\t\t<\/div>\n\t\t\t\t\t<\/div>\n\t\t<\/section>\n\t\t\t\t<\/div>\n\t\t","protected":false},"excerpt":{"rendered":"<p>Ingeniero El\u00e9ctrico en Costa Rica | Planos, Certificaci\u00f3n y Verificaci\u00f3n Ingeniero el\u00e9ctrico colegiado que brinda servicios profesionales en planos el\u00e9ctricos CFIA, certificaciones el\u00e9ctricas y verificaci\u00f3n para Ministerio de Salud en Costa Rica. Servicios Profesionales Planos el\u00e9ctricos para CFIA Certificaci\u00f3n el\u00e9ctrica para bancos Verificaci\u00f3n el\u00e9ctrica para Ministerio de Salud Solicitud de medidor el\u00e9ctrico ICE, CNFL, JASEC [&hellip;]<\/p>\n","protected":false},"author":1,"featured_media":0,"parent":0,"menu_order":0,"comment_status":"closed","ping_status":"closed","template":"","meta":{"footnotes":""},"class_list":["post-422","page","type-page","status-publish","hentry"],"yoast_head":"<!-- This site is optimized with the Yoast SEO plugin v27.4 - https:\/\/yoast.com\/product\/yoast-seo-wordpress\/ -->\n<title>Ingeniero El\u00e9ctrico en Costa Rica | Planos, Certificaci\u00f3n y Verifica - Ingeniero El\u00e9ctrico<\/title>\n<meta name=\"description\" content=\"Ingeniero el\u00e9ctrico en Costa Rica. Servicios de planos el\u00e9ctricos CFIA, certificaci\u00f3n para bancos y verificaci\u00f3n para Ministerio de Salud.\" \/>\n<meta name=\"robots\" content=\"index, follow, max-snippet:-1, max-image-preview:large, max-video-preview:-1\" \/>\n<link rel=\"canonical\" href=\"https:\/\/ingenieroelectricocr.com\/index.php\/inicio\/\" \/>\n<meta property=\"og:locale\" content=\"en_US\" \/>\n<meta property=\"og:type\" content=\"article\" \/>\n<meta property=\"og:title\" content=\"Ingeniero El\u00e9ctrico en Costa Rica | Planos, Certificaci\u00f3n y Verifica - Ingeniero El\u00e9ctrico\" \/>\n<meta property=\"og:description\" content=\"Ingeniero el\u00e9ctrico en Costa Rica. Servicios de planos el\u00e9ctricos CFIA, certificaci\u00f3n para bancos y verificaci\u00f3n para Ministerio de Salud.\" \/>\n<meta property=\"og:url\" content=\"https:\/\/ingenieroelectricocr.com\/index.php\/inicio\/\" \/>\n<meta property=\"og:site_name\" content=\"Ingeniero El\u00e9ctrico\" \/>\n<meta property=\"article:modified_time\" content=\"2026-04-27T03:30:10+00:00\" \/>\n<meta name=\"twitter:card\" content=\"summary_large_image\" \/>\n<meta name=\"twitter:label1\" content=\"Est. reading time\" \/>\n\t<meta name=\"twitter:data1\" content=\"1 minute\" \/>\n<script type=\"application\/ld+json\" class=\"yoast-schema-graph\">{\"@context\":\"https:\\\/\\\/schema.org\",\"@graph\":[{\"@type\":\"WebPage\",\"@id\":\"https:\\\/\\\/ingenieroelectricocr.com\\\/index.php\\\/inicio\\\/\",\"url\":\"https:\\\/\\\/ingenieroelectricocr.com\\\/index.php\\\/inicio\\\/\",\"name\":\"Ingeniero El\u00e9ctrico en Costa Rica | Planos, Certificaci\u00f3n y Verifica - Ingeniero El\u00e9ctrico\",\"isPartOf\":{\"@id\":\"https:\\\/\\\/ingenieroelectricocr.com\\\/#website\"},\"datePublished\":\"2026-04-27T03:11:08+00:00\",\"dateModified\":\"2026-04-27T03:30:10+00:00\",\"description\":\"Ingeniero el\u00e9ctrico en Costa Rica. Servicios de planos el\u00e9ctricos CFIA, certificaci\u00f3n para bancos y verificaci\u00f3n para Ministerio de Salud.\",\"breadcrumb\":{\"@id\":\"https:\\\/\\\/ingenieroelectricocr.com\\\/index.php\\\/inicio\\\/#breadcrumb\"},\"inLanguage\":\"en-US\",\"potentialAction\":[{\"@type\":\"ReadAction\",\"target\":[\"https:\\\/\\\/ingenieroelectricocr.com\\\/index.php\\\/inicio\\\/\"]}]},{\"@type\":\"BreadcrumbList\",\"@id\":\"https:\\\/\\\/ingenieroelectricocr.com\\\/index.php\\\/inicio\\\/#breadcrumb\",\"itemListElement\":[{\"@type\":\"ListItem\",\"position\":1,\"name\":\"Portada\",\"item\":\"https:\\\/\\\/ingenieroelectricocr.com\\\/\"},{\"@type\":\"ListItem\",\"position\":2,\"name\":\"INICIO\"}]},{\"@type\":\"WebSite\",\"@id\":\"https:\\\/\\\/ingenieroelectricocr.com\\\/#website\",\"url\":\"https:\\\/\\\/ingenieroelectricocr.com\\\/\",\"name\":\"Ingeniero El\u00e9ctrico\",\"description\":\"Tramitamos sus proyectos el\u00e9ctricos en el CFIA, consulte por nuestros servicios.\",\"publisher\":{\"@id\":\"https:\\\/\\\/ingenieroelectricocr.com\\\/#\\\/schema\\\/person\\\/c5168fd65f62c7f0e77d2960defb1a37\"},\"alternateName\":\"Ingeniero el\u00e9ctrico Miguel\",\"potentialAction\":[{\"@type\":\"SearchAction\",\"target\":{\"@type\":\"EntryPoint\",\"urlTemplate\":\"https:\\\/\\\/ingenieroelectricocr.com\\\/?s={search_term_string}\"},\"query-input\":{\"@type\":\"PropertyValueSpecification\",\"valueRequired\":true,\"valueName\":\"search_term_string\"}}],\"inLanguage\":\"en-US\"},{\"@type\":[\"Person\",\"Organization\"],\"@id\":\"https:\\\/\\\/ingenieroelectricocr.com\\\/#\\\/schema\\\/person\\\/c5168fd65f62c7f0e77d2960defb1a37\",\"name\":\"ingenieroelectricocr.com\",\"image\":{\"@type\":\"ImageObject\",\"inLanguage\":\"en-US\",\"@id\":\"https:\\\/\\\/ingenieroelectricocr.com\\\/wp-content\\\/uploads\\\/2023\\\/07\\\/cropped-cropped-MiguelRojas30_1-ing-miguel.png\",\"url\":\"https:\\\/\\\/ingenieroelectricocr.com\\\/wp-content\\\/uploads\\\/2023\\\/07\\\/cropped-cropped-MiguelRojas30_1-ing-miguel.png\",\"contentUrl\":\"https:\\\/\\\/ingenieroelectricocr.com\\\/wp-content\\\/uploads\\\/2023\\\/07\\\/cropped-cropped-MiguelRojas30_1-ing-miguel.png\",\"width\":512,\"height\":171,\"caption\":\"ingenieroelectricocr.com\"},\"logo\":{\"@id\":\"https:\\\/\\\/ingenieroelectricocr.com\\\/wp-content\\\/uploads\\\/2023\\\/07\\\/cropped-cropped-MiguelRojas30_1-ing-miguel.png\"},\"sameAs\":[\"http:\\\/\\\/ingenieroelectricocr.com\"]}]}<\/script>\n<!-- \/ Yoast SEO plugin. -->","yoast_head_json":{"title":"Ingeniero El\u00e9ctrico en Costa Rica | Planos, Certificaci\u00f3n y Verifica - Ingeniero El\u00e9ctrico","description":"Ingeniero el\u00e9ctrico en Costa Rica. Servicios de planos el\u00e9ctricos CFIA, certificaci\u00f3n para bancos y verificaci\u00f3n para Ministerio de Salud.","robots":{"index":"index","follow":"follow","max-snippet":"max-snippet:-1","max-image-preview":"max-image-preview:large","max-video-preview":"max-video-preview:-1"},"canonical":"https:\/\/ingenieroelectricocr.com\/index.php\/inicio\/","og_locale":"en_US","og_type":"article","og_title":"Ingeniero El\u00e9ctrico en Costa Rica | Planos, Certificaci\u00f3n y Verifica - Ingeniero El\u00e9ctrico","og_description":"Ingeniero el\u00e9ctrico en Costa Rica. Servicios de planos el\u00e9ctricos CFIA, certificaci\u00f3n para bancos y verificaci\u00f3n para Ministerio de Salud.","og_url":"https:\/\/ingenieroelectricocr.com\/index.php\/inicio\/","og_site_name":"Ingeniero El\u00e9ctrico","article_modified_time":"2026-04-27T03:30:10+00:00","twitter_card":"summary_large_image","twitter_misc":{"Est. reading time":"1 minute"},"schema":{"@context":"https:\/\/schema.org","@graph":[{"@type":"WebPage","@id":"https:\/\/ingenieroelectricocr.com\/index.php\/inicio\/","url":"https:\/\/ingenieroelectricocr.com\/index.php\/inicio\/","name":"Ingeniero El\u00e9ctrico en Costa Rica | Planos, Certificaci\u00f3n y Verifica - Ingeniero El\u00e9ctrico","isPartOf":{"@id":"https:\/\/ingenieroelectricocr.com\/#website"},"datePublished":"2026-04-27T03:11:08+00:00","dateModified":"2026-04-27T03:30:10+00:00","description":"Ingeniero el\u00e9ctrico en Costa Rica. Servicios de planos el\u00e9ctricos CFIA, certificaci\u00f3n para bancos y verificaci\u00f3n para Ministerio de Salud.","breadcrumb":{"@id":"https:\/\/ingenieroelectricocr.com\/index.php\/inicio\/#breadcrumb"},"inLanguage":"en-US","potentialAction":[{"@type":"ReadAction","target":["https:\/\/ingenieroelectricocr.com\/index.php\/inicio\/"]}]},{"@type":"BreadcrumbList","@id":"https:\/\/ingenieroelectricocr.com\/index.php\/inicio\/#breadcrumb","itemListElement":[{"@type":"ListItem","position":1,"name":"Portada","item":"https:\/\/ingenieroelectricocr.com\/"},{"@type":"ListItem","position":2,"name":"INICIO"}]},{"@type":"WebSite","@id":"https:\/\/ingenieroelectricocr.com\/#website","url":"https:\/\/ingenieroelectricocr.com\/","name":"Ingeniero El\u00e9ctrico","description":"Tramitamos sus proyectos el\u00e9ctricos en el CFIA, consulte por nuestros servicios.","publisher":{"@id":"https:\/\/ingenieroelectricocr.com\/#\/schema\/person\/c5168fd65f62c7f0e77d2960defb1a37"},"alternateName":"Ingeniero el\u00e9ctrico Miguel","potentialAction":[{"@type":"SearchAction","target":{"@type":"EntryPoint","urlTemplate":"https:\/\/ingenieroelectricocr.com\/?s={search_term_string}"},"query-input":{"@type":"PropertyValueSpecification","valueRequired":true,"valueName":"search_term_string"}}],"inLanguage":"en-US"},{"@type":["Person","Organization"],"@id":"https:\/\/ingenieroelectricocr.com\/#\/schema\/person\/c5168fd65f62c7f0e77d2960defb1a37","name":"ingenieroelectricocr.com","image":{"@type":"ImageObject","inLanguage":"en-US","@id":"https:\/\/ingenieroelectricocr.com\/wp-content\/uploads\/2023\/07\/cropped-cropped-MiguelRojas30_1-ing-miguel.png","url":"https:\/\/ingenieroelectricocr.com\/wp-content\/uploads\/2023\/07\/cropped-cropped-MiguelRojas30_1-ing-miguel.png","contentUrl":"https:\/\/ingenieroelectricocr.com\/wp-content\/uploads\/2023\/07\/cropped-cropped-MiguelRojas30_1-ing-miguel.png","width":512,"height":171,"caption":"ingenieroelectricocr.com"},"logo":{"@id":"https:\/\/ingenieroelectricocr.com\/wp-content\/uploads\/2023\/07\/cropped-cropped-MiguelRojas30_1-ing-miguel.png"},"sameAs":["http:\/\/ingenieroelectricocr.com"]}]}},"_links":{"self":[{"href":"https:\/\/ingenieroelectricocr.com\/index.php\/wp-json\/wp\/v2\/pages\/422","targetHints":{"allow":["GET"]}}],"collection":[{"href":"https:\/\/ingenieroelectricocr.com\/index.php\/wp-json\/wp\/v2\/pages"}],"about":[{"href":"https:\/\/ingenieroelectricocr.com\/index.php\/wp-json\/wp\/v2\/types\/page"}],"author":[{"embeddable":true,"href":"https:\/\/ingenieroelectricocr.com\/index.php\/wp-json\/wp\/v2\/users\/1"}],"replies":[{"embeddable":true,"href":"https:\/\/ingenieroelectricocr.com\/index.php\/wp-json\/wp\/v2\/comments?post=422"}],"version-history":[{"count":5,"href":"https:\/\/ingenieroelectricocr.com\/index.php\/wp-json\/wp\/v2\/pages\/422\/revisions"}],"predecessor-version":[{"id":429,"href":"https:\/\/ingenieroelectricocr.com\/index.php\/wp-json\/wp\/v2\/pages\/422\/revisions\/429"}],"wp:attachment":[{"href":"https:\/\/ingenieroelectricocr.com\/index.php\/wp-json\/wp\/v2\/media?parent=422"}],"curies":[{"name":"wp","href":"https:\/\/api.w.org\/{rel}","templated":true}]}}