{"id":389,"date":"2026-04-17T00:10:55","date_gmt":"2026-04-17T00:10:55","guid":{"rendered":"https:\/\/ingenieroelectricocr.com\/?page_id=389"},"modified":"2026-04-17T00:18:19","modified_gmt":"2026-04-17T00:18:19","slug":"verificacion-electrica-costa-rica","status":"publish","type":"page","link":"https:\/\/ingenieroelectricocr.com\/index.php\/verificacion-electrica-costa-rica\/","title":{"rendered":"Verificaci\u00f3n el\u00e9ctrica para Ministerio de Salud en Costa Rica"},"content":{"rendered":"\t\t<div data-elementor-type=\"wp-page\" data-elementor-id=\"389\" class=\"elementor elementor-389\">\n\t\t\t\t\t\t<section class=\"elementor-section elementor-top-section elementor-element elementor-element-eb2d435 elementor-section-boxed elementor-section-height-default elementor-section-height-default\" data-id=\"eb2d435\" data-element_type=\"section\" data-e-type=\"section\">\n\t\t\t\t\t\t<div class=\"elementor-container elementor-column-gap-default\">\n\t\t\t\t\t<div class=\"elementor-column elementor-col-100 elementor-top-column elementor-element elementor-element-6366136\" data-id=\"6366136\" data-element_type=\"column\" data-e-type=\"column\">\n\t\t\t<div class=\"elementor-widget-wrap elementor-element-populated\">\n\t\t\t\t\t\t<div class=\"elementor-element elementor-element-b765e31 elementor-widget elementor-widget-heading\" data-id=\"b765e31\" data-element_type=\"widget\" data-e-type=\"widget\" data-widget_type=\"heading.default\">\n\t\t\t\t<div class=\"elementor-widget-container\">\n\t\t\t\t\t<h1 class=\"elementor-heading-title elementor-size-default\">Verificaci\u00f3n el\u00e9ctrica para Ministerio de Salud en Costa Rica<\/h1>\t\t\t\t<\/div>\n\t\t\t\t<\/div>\n\t\t\t\t\t<\/div>\n\t\t<\/div>\n\t\t\t\t\t<\/div>\n\t\t<\/section>\n\t\t\t\t<section class=\"elementor-section elementor-top-section elementor-element elementor-element-97c81af elementor-section-boxed elementor-section-height-default elementor-section-height-default\" data-id=\"97c81af\" data-element_type=\"section\" data-e-type=\"section\">\n\t\t\t\t\t\t<div class=\"elementor-container elementor-column-gap-default\">\n\t\t\t\t\t<div class=\"elementor-column elementor-col-100 elementor-top-column elementor-element elementor-element-308aa0d\" data-id=\"308aa0d\" data-element_type=\"column\" data-e-type=\"column\">\n\t\t\t<div class=\"elementor-widget-wrap elementor-element-populated\">\n\t\t\t\t\t\t<div class=\"elementor-element elementor-element-6efb2a3 elementor-widget elementor-widget-heading\" data-id=\"6efb2a3\" data-element_type=\"widget\" data-e-type=\"widget\" data-widget_type=\"heading.default\">\n\t\t\t\t<div class=\"elementor-widget-container\">\n\t\t\t\t\t<h2 class=\"elementor-heading-title elementor-size-default\">Servicio profesional de inspecci\u00f3n el\u00e9ctrica para cumplimiento de requisitos del Ministerio de Salud.<\/h2>\t\t\t\t<\/div>\n\t\t\t\t<\/div>\n\t\t\t\t\t<\/div>\n\t\t<\/div>\n\t\t\t\t\t<\/div>\n\t\t<\/section>\n\t\t\t\t<section class=\"elementor-section elementor-top-section elementor-element elementor-element-92b38ab elementor-section-boxed elementor-section-height-default elementor-section-height-default\" data-id=\"92b38ab\" data-element_type=\"section\" data-e-type=\"section\">\n\t\t\t\t\t\t<div class=\"elementor-container elementor-column-gap-default\">\n\t\t\t\t\t<div class=\"elementor-column elementor-col-100 elementor-top-column elementor-element elementor-element-101ebe6\" data-id=\"101ebe6\" data-element_type=\"column\" data-e-type=\"column\">\n\t\t\t<div class=\"elementor-widget-wrap elementor-element-populated\">\n\t\t\t\t\t\t<div class=\"elementor-element elementor-element-32a6b8e elementor-widget elementor-widget-text-editor\" data-id=\"32a6b8e\" data-element_type=\"widget\" data-e-type=\"widget\" data-widget_type=\"text-editor.default\">\n\t\t\t\t<div class=\"elementor-widget-container\">\n\t\t\t\t\t\t\t\t\t<p>Ofrecemos el servicio de verificaci\u00f3n el\u00e9ctrica en Costa Rica para cumplir con los requisitos solicitados por el Ministerio de Salud en negocios, comercios y establecimientos.<\/p><p>Realizamos inspecciones t\u00e9cnicas completas para asegurar que la instalaci\u00f3n el\u00e9ctrica cumple con las normativas vigentes, evitando rechazos o atrasos en sus tr\u00e1mites.<\/p><p>\u2714 Verificaci\u00f3n de instalaciones el\u00e9ctricas<\/p><p>\u2714 Revisi\u00f3n de tableros el\u00e9ctricos<\/p><p>\u2714 Evaluaci\u00f3n de sistemas de protecci\u00f3n<\/p><p>\u2714 Informe t\u00e9cnico profesional<\/p><p>Este servicio est\u00e1 dirigido a clientes que necesitan presentar documentaci\u00f3n ante el Ministerio de Salud para permisos de funcionamiento o renovaciones.<\/p>\t\t\t\t\t\t\t\t<\/div>\n\t\t\t\t<\/div>\n\t\t\t\t\t<\/div>\n\t\t<\/div>\n\t\t\t\t\t<\/div>\n\t\t<\/section>\n\t\t\t\t<section class=\"elementor-section elementor-top-section elementor-element elementor-element-3963383 elementor-section-boxed elementor-section-height-default elementor-section-height-default\" data-id=\"3963383\" data-element_type=\"section\" data-e-type=\"section\">\n\t\t\t\t\t\t<div class=\"elementor-container elementor-column-gap-default\">\n\t\t\t\t\t<div class=\"elementor-column elementor-col-100 elementor-top-column elementor-element elementor-element-6a0bb02\" data-id=\"6a0bb02\" data-element_type=\"column\" data-e-type=\"column\">\n\t\t\t<div class=\"elementor-widget-wrap elementor-element-populated\">\n\t\t\t\t\t\t<div class=\"elementor-element elementor-element-f90866f elementor-widget elementor-widget-button\" data-id=\"f90866f\" data-element_type=\"widget\" data-e-type=\"widget\" data-widget_type=\"button.default\">\n\t\t\t\t<div class=\"elementor-widget-container\">\n\t\t\t\t\t\t\t\t\t<div class=\"elementor-button-wrapper\">\n\t\t\t\t\t<a class=\"elementor-button elementor-button-link elementor-size-sm\" href=\"#\">\n\t\t\t\t\t\t<span class=\"elementor-button-content-wrapper\">\n\t\t\t\t\t\t\t\t\t<span class=\"elementor-button-text\">Solicitar verificaci\u00f3n el\u00e9ctrica<\/span>\n\t\t\t\t\t<\/span>\n\t\t\t\t\t<\/a>\n\t\t\t\t<\/div>\n\t\t\t\t\t\t\t\t<\/div>\n\t\t\t\t<\/div>\n\t\t\t\t\t<\/div>\n\t\t<\/div>\n\t\t\t\t\t<\/div>\n\t\t<\/section>\n\t\t\t\t<section class=\"elementor-section elementor-top-section elementor-element elementor-element-2e10c5b elementor-section-boxed elementor-section-height-default elementor-section-height-default\" data-id=\"2e10c5b\" data-element_type=\"section\" data-e-type=\"section\">\n\t\t\t\t\t\t<div class=\"elementor-container elementor-column-gap-default\">\n\t\t\t\t\t<div class=\"elementor-column elementor-col-100 elementor-top-column elementor-element elementor-element-03f02ba\" data-id=\"03f02ba\" data-element_type=\"column\" data-e-type=\"column\">\n\t\t\t<div class=\"elementor-widget-wrap elementor-element-populated\">\n\t\t\t\t\t\t<div class=\"elementor-element elementor-element-430e500 elementor-widget elementor-widget-image\" data-id=\"430e500\" data-element_type=\"widget\" data-e-type=\"widget\" data-widget_type=\"image.default\">\n\t\t\t\t<div class=\"elementor-widget-container\">\n\t\t\t\t\t\t\t\t\t\t\t\t\t\t\t<img fetchpriority=\"high\" decoding=\"async\" width=\"1024\" height=\"1024\" src=\"https:\/\/ingenieroelectricocr.com\/wp-content\/uploads\/2023\/07\/art_4-verificacion-1024x1024.jpg\" class=\"attachment-large size-large wp-image-27\" alt=\"\" srcset=\"https:\/\/ingenieroelectricocr.com\/wp-content\/uploads\/2023\/07\/art_4-verificacion-1024x1024.jpg 1024w, https:\/\/ingenieroelectricocr.com\/wp-content\/uploads\/2023\/07\/art_4-verificacion-300x300.jpg 300w, https:\/\/ingenieroelectricocr.com\/wp-content\/uploads\/2023\/07\/art_4-verificacion-150x150.jpg 150w, https:\/\/ingenieroelectricocr.com\/wp-content\/uploads\/2023\/07\/art_4-verificacion-768x768.jpg 768w, https:\/\/ingenieroelectricocr.com\/wp-content\/uploads\/2023\/07\/art_4-verificacion-1536x1536.jpg 1536w, https:\/\/ingenieroelectricocr.com\/wp-content\/uploads\/2023\/07\/art_4-verificacion.jpg 1876w\" sizes=\"(max-width: 1024px) 100vw, 1024px\" \/>\t\t\t\t\t\t\t\t\t\t\t\t\t\t\t<\/div>\n\t\t\t\t<\/div>\n\t\t\t\t\t<\/div>\n\t\t<\/div>\n\t\t\t\t\t<\/div>\n\t\t<\/section>\n\t\t\t\t<\/div>\n\t\t","protected":false},"excerpt":{"rendered":"<p>Verificaci\u00f3n el\u00e9ctrica para Ministerio de Salud en Costa Rica Servicio profesional de inspecci\u00f3n el\u00e9ctrica para cumplimiento de requisitos del Ministerio de Salud. Ofrecemos el servicio de verificaci\u00f3n el\u00e9ctrica en Costa Rica para cumplir con los requisitos solicitados por el Ministerio de Salud en negocios, comercios y establecimientos. Realizamos inspecciones t\u00e9cnicas completas para asegurar que la [&hellip;]<\/p>\n","protected":false},"author":1,"featured_media":0,"parent":0,"menu_order":0,"comment_status":"closed","ping_status":"closed","template":"","meta":{"footnotes":""},"class_list":["post-389","page","type-page","status-publish","hentry"],"yoast_head":"<!-- This site is optimized with the Yoast SEO plugin v27.4 - https:\/\/yoast.com\/product\/yoast-seo-wordpress\/ -->\n<title>Verificaci\u00f3n el\u00e9ctrica para Ministerio de Salud en Costa Rica<\/title>\n<meta name=\"description\" content=\"Verificaci\u00f3n el\u00e9ctrica en Costa Rica para cumplir requisitos del Ministerio de Salud. Inspecci\u00f3n profesional, r\u00e1pida y confiable. Cotice hoy.\" \/>\n<meta name=\"robots\" content=\"index, follow, max-snippet:-1, max-image-preview:large, max-video-preview:-1\" \/>\n<link rel=\"canonical\" href=\"https:\/\/ingenieroelectricocr.com\/index.php\/verificacion-electrica-costa-rica\/\" \/>\n<meta property=\"og:locale\" content=\"en_US\" \/>\n<meta property=\"og:type\" content=\"article\" \/>\n<meta property=\"og:title\" content=\"Verificaci\u00f3n el\u00e9ctrica para Ministerio de Salud en Costa Rica\" \/>\n<meta property=\"og:description\" content=\"Verificaci\u00f3n el\u00e9ctrica en Costa Rica para cumplir requisitos del Ministerio de Salud. Inspecci\u00f3n profesional, r\u00e1pida y confiable. Cotice hoy.\" \/>\n<meta property=\"og:url\" content=\"https:\/\/ingenieroelectricocr.com\/index.php\/verificacion-electrica-costa-rica\/\" \/>\n<meta property=\"og:site_name\" content=\"Ingeniero El\u00e9ctrico\" \/>\n<meta property=\"article:modified_time\" content=\"2026-04-17T00:18:19+00:00\" \/>\n<meta property=\"og:image\" content=\"https:\/\/ingenieroelectricocr.com\/wp-content\/uploads\/2023\/07\/art_4-verificacion.jpg\" \/>\n\t<meta property=\"og:image:width\" content=\"1876\" \/>\n\t<meta property=\"og:image:height\" content=\"1876\" \/>\n\t<meta property=\"og:image:type\" content=\"image\/jpeg\" \/>\n<meta name=\"twitter:card\" content=\"summary_large_image\" \/>\n<meta name=\"twitter:label1\" content=\"Est. reading time\" \/>\n\t<meta name=\"twitter:data1\" content=\"2 minutes\" \/>\n<script type=\"application\/ld+json\" class=\"yoast-schema-graph\">{\"@context\":\"https:\\\/\\\/schema.org\",\"@graph\":[{\"@type\":\"WebPage\",\"@id\":\"https:\\\/\\\/ingenieroelectricocr.com\\\/index.php\\\/verificacion-electrica-costa-rica\\\/\",\"url\":\"https:\\\/\\\/ingenieroelectricocr.com\\\/index.php\\\/verificacion-electrica-costa-rica\\\/\",\"name\":\"Verificaci\u00f3n el\u00e9ctrica para Ministerio de Salud en Costa Rica\",\"isPartOf\":{\"@id\":\"https:\\\/\\\/ingenieroelectricocr.com\\\/#website\"},\"primaryImageOfPage\":{\"@id\":\"https:\\\/\\\/ingenieroelectricocr.com\\\/index.php\\\/verificacion-electrica-costa-rica\\\/#primaryimage\"},\"image\":{\"@id\":\"https:\\\/\\\/ingenieroelectricocr.com\\\/index.php\\\/verificacion-electrica-costa-rica\\\/#primaryimage\"},\"thumbnailUrl\":\"http:\\\/\\\/ingenieroelectricocr.com\\\/wp-content\\\/uploads\\\/2023\\\/07\\\/art_4-verificacion-1024x1024.jpg\",\"datePublished\":\"2026-04-17T00:10:55+00:00\",\"dateModified\":\"2026-04-17T00:18:19+00:00\",\"description\":\"Verificaci\u00f3n el\u00e9ctrica en Costa Rica para cumplir requisitos del Ministerio de Salud. Inspecci\u00f3n profesional, r\u00e1pida y confiable. Cotice hoy.\",\"breadcrumb\":{\"@id\":\"https:\\\/\\\/ingenieroelectricocr.com\\\/index.php\\\/verificacion-electrica-costa-rica\\\/#breadcrumb\"},\"inLanguage\":\"en-US\",\"potentialAction\":[{\"@type\":\"ReadAction\",\"target\":[\"https:\\\/\\\/ingenieroelectricocr.com\\\/index.php\\\/verificacion-electrica-costa-rica\\\/\"]}]},{\"@type\":\"ImageObject\",\"inLanguage\":\"en-US\",\"@id\":\"https:\\\/\\\/ingenieroelectricocr.com\\\/index.php\\\/verificacion-electrica-costa-rica\\\/#primaryimage\",\"url\":\"http:\\\/\\\/ingenieroelectricocr.com\\\/wp-content\\\/uploads\\\/2023\\\/07\\\/art_4-verificacion-1024x1024.jpg\",\"contentUrl\":\"http:\\\/\\\/ingenieroelectricocr.com\\\/wp-content\\\/uploads\\\/2023\\\/07\\\/art_4-verificacion-1024x1024.jpg\"},{\"@type\":\"BreadcrumbList\",\"@id\":\"https:\\\/\\\/ingenieroelectricocr.com\\\/index.php\\\/verificacion-electrica-costa-rica\\\/#breadcrumb\",\"itemListElement\":[{\"@type\":\"ListItem\",\"position\":1,\"name\":\"Portada\",\"item\":\"https:\\\/\\\/ingenieroelectricocr.com\\\/\"},{\"@type\":\"ListItem\",\"position\":2,\"name\":\"Verificaci\u00f3n el\u00e9ctrica para Ministerio de Salud en Costa Rica\"}]},{\"@type\":\"WebSite\",\"@id\":\"https:\\\/\\\/ingenieroelectricocr.com\\\/#website\",\"url\":\"https:\\\/\\\/ingenieroelectricocr.com\\\/\",\"name\":\"Ingeniero El\u00e9ctrico\",\"description\":\"Tramitamos sus proyectos el\u00e9ctricos en el CFIA, consulte por nuestros servicios.\",\"publisher\":{\"@id\":\"https:\\\/\\\/ingenieroelectricocr.com\\\/#\\\/schema\\\/person\\\/c5168fd65f62c7f0e77d2960defb1a37\"},\"alternateName\":\"Ingeniero el\u00e9ctrico Miguel\",\"potentialAction\":[{\"@type\":\"SearchAction\",\"target\":{\"@type\":\"EntryPoint\",\"urlTemplate\":\"https:\\\/\\\/ingenieroelectricocr.com\\\/?s={search_term_string}\"},\"query-input\":{\"@type\":\"PropertyValueSpecification\",\"valueRequired\":true,\"valueName\":\"search_term_string\"}}],\"inLanguage\":\"en-US\"},{\"@type\":[\"Person\",\"Organization\"],\"@id\":\"https:\\\/\\\/ingenieroelectricocr.com\\\/#\\\/schema\\\/person\\\/c5168fd65f62c7f0e77d2960defb1a37\",\"name\":\"ingenieroelectricocr.com\",\"image\":{\"@type\":\"ImageObject\",\"inLanguage\":\"en-US\",\"@id\":\"https:\\\/\\\/ingenieroelectricocr.com\\\/wp-content\\\/uploads\\\/2023\\\/07\\\/cropped-cropped-MiguelRojas30_1-ing-miguel.png\",\"url\":\"https:\\\/\\\/ingenieroelectricocr.com\\\/wp-content\\\/uploads\\\/2023\\\/07\\\/cropped-cropped-MiguelRojas30_1-ing-miguel.png\",\"contentUrl\":\"https:\\\/\\\/ingenieroelectricocr.com\\\/wp-content\\\/uploads\\\/2023\\\/07\\\/cropped-cropped-MiguelRojas30_1-ing-miguel.png\",\"width\":512,\"height\":171,\"caption\":\"ingenieroelectricocr.com\"},\"logo\":{\"@id\":\"https:\\\/\\\/ingenieroelectricocr.com\\\/wp-content\\\/uploads\\\/2023\\\/07\\\/cropped-cropped-MiguelRojas30_1-ing-miguel.png\"},\"sameAs\":[\"http:\\\/\\\/ingenieroelectricocr.com\"]}]}<\/script>\n<!-- \/ Yoast SEO plugin. -->","yoast_head_json":{"title":"Verificaci\u00f3n el\u00e9ctrica para Ministerio de Salud en Costa Rica","description":"Verificaci\u00f3n el\u00e9ctrica en Costa Rica para cumplir requisitos del Ministerio de Salud. Inspecci\u00f3n profesional, r\u00e1pida y confiable. Cotice hoy.","robots":{"index":"index","follow":"follow","max-snippet":"max-snippet:-1","max-image-preview":"max-image-preview:large","max-video-preview":"max-video-preview:-1"},"canonical":"https:\/\/ingenieroelectricocr.com\/index.php\/verificacion-electrica-costa-rica\/","og_locale":"en_US","og_type":"article","og_title":"Verificaci\u00f3n el\u00e9ctrica para Ministerio de Salud en Costa Rica","og_description":"Verificaci\u00f3n el\u00e9ctrica en Costa Rica para cumplir requisitos del Ministerio de Salud. Inspecci\u00f3n profesional, r\u00e1pida y confiable. Cotice hoy.","og_url":"https:\/\/ingenieroelectricocr.com\/index.php\/verificacion-electrica-costa-rica\/","og_site_name":"Ingeniero El\u00e9ctrico","article_modified_time":"2026-04-17T00:18:19+00:00","og_image":[{"width":1876,"height":1876,"url":"https:\/\/ingenieroelectricocr.com\/wp-content\/uploads\/2023\/07\/art_4-verificacion.jpg","type":"image\/jpeg"}],"twitter_card":"summary_large_image","twitter_misc":{"Est. reading time":"2 minutes"},"schema":{"@context":"https:\/\/schema.org","@graph":[{"@type":"WebPage","@id":"https:\/\/ingenieroelectricocr.com\/index.php\/verificacion-electrica-costa-rica\/","url":"https:\/\/ingenieroelectricocr.com\/index.php\/verificacion-electrica-costa-rica\/","name":"Verificaci\u00f3n el\u00e9ctrica para Ministerio de Salud en Costa Rica","isPartOf":{"@id":"https:\/\/ingenieroelectricocr.com\/#website"},"primaryImageOfPage":{"@id":"https:\/\/ingenieroelectricocr.com\/index.php\/verificacion-electrica-costa-rica\/#primaryimage"},"image":{"@id":"https:\/\/ingenieroelectricocr.com\/index.php\/verificacion-electrica-costa-rica\/#primaryimage"},"thumbnailUrl":"http:\/\/ingenieroelectricocr.com\/wp-content\/uploads\/2023\/07\/art_4-verificacion-1024x1024.jpg","datePublished":"2026-04-17T00:10:55+00:00","dateModified":"2026-04-17T00:18:19+00:00","description":"Verificaci\u00f3n el\u00e9ctrica en Costa Rica para cumplir requisitos del Ministerio de Salud. Inspecci\u00f3n profesional, r\u00e1pida y confiable. Cotice hoy.","breadcrumb":{"@id":"https:\/\/ingenieroelectricocr.com\/index.php\/verificacion-electrica-costa-rica\/#breadcrumb"},"inLanguage":"en-US","potentialAction":[{"@type":"ReadAction","target":["https:\/\/ingenieroelectricocr.com\/index.php\/verificacion-electrica-costa-rica\/"]}]},{"@type":"ImageObject","inLanguage":"en-US","@id":"https:\/\/ingenieroelectricocr.com\/index.php\/verificacion-electrica-costa-rica\/#primaryimage","url":"http:\/\/ingenieroelectricocr.com\/wp-content\/uploads\/2023\/07\/art_4-verificacion-1024x1024.jpg","contentUrl":"http:\/\/ingenieroelectricocr.com\/wp-content\/uploads\/2023\/07\/art_4-verificacion-1024x1024.jpg"},{"@type":"BreadcrumbList","@id":"https:\/\/ingenieroelectricocr.com\/index.php\/verificacion-electrica-costa-rica\/#breadcrumb","itemListElement":[{"@type":"ListItem","position":1,"name":"Portada","item":"https:\/\/ingenieroelectricocr.com\/"},{"@type":"ListItem","position":2,"name":"Verificaci\u00f3n el\u00e9ctrica para Ministerio de Salud en Costa Rica"}]},{"@type":"WebSite","@id":"https:\/\/ingenieroelectricocr.com\/#website","url":"https:\/\/ingenieroelectricocr.com\/","name":"Ingeniero El\u00e9ctrico","description":"Tramitamos sus proyectos el\u00e9ctricos en el CFIA, consulte por nuestros servicios.","publisher":{"@id":"https:\/\/ingenieroelectricocr.com\/#\/schema\/person\/c5168fd65f62c7f0e77d2960defb1a37"},"alternateName":"Ingeniero el\u00e9ctrico Miguel","potentialAction":[{"@type":"SearchAction","target":{"@type":"EntryPoint","urlTemplate":"https:\/\/ingenieroelectricocr.com\/?s={search_term_string}"},"query-input":{"@type":"PropertyValueSpecification","valueRequired":true,"valueName":"search_term_string"}}],"inLanguage":"en-US"},{"@type":["Person","Organization"],"@id":"https:\/\/ingenieroelectricocr.com\/#\/schema\/person\/c5168fd65f62c7f0e77d2960defb1a37","name":"ingenieroelectricocr.com","image":{"@type":"ImageObject","inLanguage":"en-US","@id":"https:\/\/ingenieroelectricocr.com\/wp-content\/uploads\/2023\/07\/cropped-cropped-MiguelRojas30_1-ing-miguel.png","url":"https:\/\/ingenieroelectricocr.com\/wp-content\/uploads\/2023\/07\/cropped-cropped-MiguelRojas30_1-ing-miguel.png","contentUrl":"https:\/\/ingenieroelectricocr.com\/wp-content\/uploads\/2023\/07\/cropped-cropped-MiguelRojas30_1-ing-miguel.png","width":512,"height":171,"caption":"ingenieroelectricocr.com"},"logo":{"@id":"https:\/\/ingenieroelectricocr.com\/wp-content\/uploads\/2023\/07\/cropped-cropped-MiguelRojas30_1-ing-miguel.png"},"sameAs":["http:\/\/ingenieroelectricocr.com"]}]}},"_links":{"self":[{"href":"https:\/\/ingenieroelectricocr.com\/index.php\/wp-json\/wp\/v2\/pages\/389","targetHints":{"allow":["GET"]}}],"collection":[{"href":"https:\/\/ingenieroelectricocr.com\/index.php\/wp-json\/wp\/v2\/pages"}],"about":[{"href":"https:\/\/ingenieroelectricocr.com\/index.php\/wp-json\/wp\/v2\/types\/page"}],"author":[{"embeddable":true,"href":"https:\/\/ingenieroelectricocr.com\/index.php\/wp-json\/wp\/v2\/users\/1"}],"replies":[{"embeddable":true,"href":"https:\/\/ingenieroelectricocr.com\/index.php\/wp-json\/wp\/v2\/comments?post=389"}],"version-history":[{"count":10,"href":"https:\/\/ingenieroelectricocr.com\/index.php\/wp-json\/wp\/v2\/pages\/389\/revisions"}],"predecessor-version":[{"id":399,"href":"https:\/\/ingenieroelectricocr.com\/index.php\/wp-json\/wp\/v2\/pages\/389\/revisions\/399"}],"wp:attachment":[{"href":"https:\/\/ingenieroelectricocr.com\/index.php\/wp-json\/wp\/v2\/media?parent=389"}],"curies":[{"name":"wp","href":"https:\/\/api.w.org\/{rel}","templated":true}]}}