{"id":380,"date":"2026-04-16T23:49:04","date_gmt":"2026-04-16T23:49:04","guid":{"rendered":"https:\/\/ingenieroelectricocr.com\/?page_id=380"},"modified":"2026-04-17T00:19:58","modified_gmt":"2026-04-17T00:19:58","slug":"certificacion-electrica-en-costa-rica","status":"publish","type":"page","link":"https:\/\/ingenieroelectricocr.com\/index.php\/certificacion-electrica-en-costa-rica\/","title":{"rendered":"Certificaci\u00f3n el\u00e9ctrica en Costa Rica"},"content":{"rendered":"\t\t<div data-elementor-type=\"wp-page\" data-elementor-id=\"380\" class=\"elementor elementor-380\">\n\t\t\t\t\t\t<section class=\"elementor-section elementor-top-section elementor-element elementor-element-928e269 elementor-section-boxed elementor-section-height-default elementor-section-height-default\" data-id=\"928e269\" data-element_type=\"section\" data-e-type=\"section\">\n\t\t\t\t\t\t<div class=\"elementor-container elementor-column-gap-default\">\n\t\t\t\t\t<div class=\"elementor-column elementor-col-100 elementor-top-column elementor-element elementor-element-8c3aa02\" data-id=\"8c3aa02\" data-element_type=\"column\" data-e-type=\"column\">\n\t\t\t<div class=\"elementor-widget-wrap elementor-element-populated\">\n\t\t\t\t\t\t<div class=\"elementor-element elementor-element-9c11dfd elementor-widget elementor-widget-heading\" data-id=\"9c11dfd\" data-element_type=\"widget\" data-e-type=\"widget\" data-widget_type=\"heading.default\">\n\t\t\t\t<div class=\"elementor-widget-container\">\n\t\t\t\t\t<h1 class=\"elementor-heading-title elementor-size-default\">Certificaci\u00f3n el\u00e9ctrica para bancos en Costa Rica<\/h1>\t\t\t\t<\/div>\n\t\t\t\t<\/div>\n\t\t\t\t\t<\/div>\n\t\t<\/div>\n\t\t\t\t\t<\/div>\n\t\t<\/section>\n\t\t\t\t<section class=\"elementor-section elementor-top-section elementor-element elementor-element-bbf9ce7 elementor-section-boxed elementor-section-height-default elementor-section-height-default\" data-id=\"bbf9ce7\" data-element_type=\"section\" data-e-type=\"section\">\n\t\t\t\t\t\t<div class=\"elementor-container elementor-column-gap-default\">\n\t\t\t\t\t<div class=\"elementor-column elementor-col-100 elementor-top-column elementor-element elementor-element-03872e1\" data-id=\"03872e1\" data-element_type=\"column\" data-e-type=\"column\">\n\t\t\t<div class=\"elementor-widget-wrap elementor-element-populated\">\n\t\t\t\t\t\t<div class=\"elementor-element elementor-element-ca96057 elementor-widget elementor-widget-heading\" data-id=\"ca96057\" data-element_type=\"widget\" data-e-type=\"widget\" data-widget_type=\"heading.default\">\n\t\t\t\t<div class=\"elementor-widget-container\">\n\t\t\t\t\t<h2 class=\"elementor-heading-title elementor-size-default\">Servicio profesional de certificaci\u00f3n el\u00e9ctrica para tr\u00e1mites bancarios, cr\u00e9ditos y requisitos t\u00e9cnicos.<\/h2>\t\t\t\t<\/div>\n\t\t\t\t<\/div>\n\t\t\t\t\t<\/div>\n\t\t<\/div>\n\t\t\t\t\t<\/div>\n\t\t<\/section>\n\t\t\t\t<section class=\"elementor-section elementor-top-section elementor-element elementor-element-20179b7 elementor-section-boxed elementor-section-height-default elementor-section-height-default\" data-id=\"20179b7\" data-element_type=\"section\" data-e-type=\"section\">\n\t\t\t\t\t\t<div class=\"elementor-container elementor-column-gap-default\">\n\t\t\t\t\t<div class=\"elementor-column elementor-col-100 elementor-top-column elementor-element elementor-element-709515a\" data-id=\"709515a\" data-element_type=\"column\" data-e-type=\"column\">\n\t\t\t<div class=\"elementor-widget-wrap elementor-element-populated\">\n\t\t\t\t\t\t<div class=\"elementor-element elementor-element-c8298cc elementor-widget elementor-widget-text-editor\" data-id=\"c8298cc\" data-element_type=\"widget\" data-e-type=\"widget\" data-widget_type=\"text-editor.default\">\n\t\t\t\t<div class=\"elementor-widget-container\">\n\t\t\t\t\t\t\t\t\t<p><span dir=\"auto\" style=\"vertical-align: inherit;\"><span dir=\"auto\" style=\"vertical-align: inherit;\"><span dir=\"auto\" style=\"vertical-align: inherit;\"><span dir=\"auto\" style=\"vertical-align: inherit;\"><span dir=\"auto\" style=\"vertical-align: inherit;\"><span dir=\"auto\" style=\"vertical-align: inherit;\"><span dir=\"auto\" style=\"vertical-align: inherit;\"><span dir=\"auto\" style=\"vertical-align: inherit;\">Servicio de certificaci\u00f3n el\u00e9ctrica para instalaciones residenciales y comerciales en Costa Rica. Se realiza inspecci\u00f3n t\u00e9cnica para verificar el cumplimiento de normativa y requisitos el\u00e9ctricos.<\/span><\/span><\/span><\/span><\/span><\/span><\/span><\/span><\/p><p><span dir=\"auto\" style=\"vertical-align: inherit;\"><span dir=\"auto\" style=\"vertical-align: inherit;\"><span dir=\"auto\" style=\"vertical-align: inherit;\"><span dir=\"auto\" style=\"vertical-align: inherit;\"><span dir=\"auto\" style=\"vertical-align: inherit;\"><span dir=\"auto\" style=\"vertical-align: inherit;\">Este servicio est\u00e1 dirigido a clientes que requieren certificaci\u00f3n el\u00e9ctrica formal para tr\u00e1mites o proyectos. No se brindar\u00e1n asesor\u00edas gratuitas.Ofrecemos el servicio de certificaci\u00f3n el\u00e9ctrica en Costa Rica para tr\u00e1mites con bancos, entidades financieras y procesos de cr\u00e9dito.<br \/>Realizamos la inspecci\u00f3n t\u00e9cnica de la instalaci\u00f3n el\u00e9ctrica para garantizar que cumple con los requisitos exigidos por las entidades bancarias.<br \/>\u2714 Revisi\u00f3n completa de la instalaci\u00f3n el\u00e9ctrica<br \/>\u2714 Evaluaci\u00f3n de tableros el\u00e9ctricos<br \/>\u2714 Verificaci\u00f3n de sistemas de protecci\u00f3n<br \/>\u2714 Emisi\u00f3n de certificaci\u00f3n el\u00e9ctrica profesional<br \/>Este servicio es ideal para clientes que necesitan presentar certificaci\u00f3n el\u00e9ctrica para aprobaci\u00f3n de cr\u00e9ditos, aval\u00faos o tr\u00e1mites bancarios.<br \/>Trabajamos de forma r\u00e1pida, profesional y cumpliendo con las normativas vigentes en Costa Rica.<\/span><\/span><\/span><\/span><\/span><\/span><\/p>\t\t\t\t\t\t\t\t<\/div>\n\t\t\t\t<\/div>\n\t\t\t\t\t<\/div>\n\t\t<\/div>\n\t\t\t\t\t<\/div>\n\t\t<\/section>\n\t\t\t\t<section class=\"elementor-section elementor-top-section elementor-element elementor-element-6143bb0 elementor-section-boxed elementor-section-height-default elementor-section-height-default\" data-id=\"6143bb0\" data-element_type=\"section\" data-e-type=\"section\">\n\t\t\t\t\t\t<div class=\"elementor-container elementor-column-gap-default\">\n\t\t\t\t\t<div class=\"elementor-column elementor-col-100 elementor-top-column elementor-element elementor-element-2a68fca\" data-id=\"2a68fca\" data-element_type=\"column\" data-e-type=\"column\">\n\t\t\t<div class=\"elementor-widget-wrap elementor-element-populated\">\n\t\t\t\t\t\t<div class=\"elementor-element elementor-element-b95d9b0 elementor-widget elementor-widget-image\" data-id=\"b95d9b0\" data-element_type=\"widget\" data-e-type=\"widget\" data-widget_type=\"image.default\">\n\t\t\t\t<div class=\"elementor-widget-container\">\n\t\t\t\t\t\t\t\t\t\t\t\t\t\t\t<img fetchpriority=\"high\" decoding=\"async\" width=\"1024\" height=\"1024\" src=\"https:\/\/ingenieroelectricocr.com\/wp-content\/uploads\/2023\/07\/art_4-verificacion-1024x1024.jpg\" class=\"attachment-large size-large wp-image-27\" alt=\"\" srcset=\"https:\/\/ingenieroelectricocr.com\/wp-content\/uploads\/2023\/07\/art_4-verificacion-1024x1024.jpg 1024w, https:\/\/ingenieroelectricocr.com\/wp-content\/uploads\/2023\/07\/art_4-verificacion-300x300.jpg 300w, https:\/\/ingenieroelectricocr.com\/wp-content\/uploads\/2023\/07\/art_4-verificacion-150x150.jpg 150w, https:\/\/ingenieroelectricocr.com\/wp-content\/uploads\/2023\/07\/art_4-verificacion-768x768.jpg 768w, https:\/\/ingenieroelectricocr.com\/wp-content\/uploads\/2023\/07\/art_4-verificacion-1536x1536.jpg 1536w, https:\/\/ingenieroelectricocr.com\/wp-content\/uploads\/2023\/07\/art_4-verificacion.jpg 1876w\" sizes=\"(max-width: 1024px) 100vw, 1024px\" \/>\t\t\t\t\t\t\t\t\t\t\t\t\t\t\t<\/div>\n\t\t\t\t<\/div>\n\t\t\t\t\t<\/div>\n\t\t<\/div>\n\t\t\t\t\t<\/div>\n\t\t<\/section>\n\t\t\t\t<\/div>\n\t\t","protected":false},"excerpt":{"rendered":"<p>Certificaci\u00f3n el\u00e9ctrica para bancos en Costa Rica Servicio profesional de certificaci\u00f3n el\u00e9ctrica para tr\u00e1mites bancarios, cr\u00e9ditos y requisitos t\u00e9cnicos. Servicio de certificaci\u00f3n el\u00e9ctrica para instalaciones residenciales y comerciales en Costa Rica. Se realiza inspecci\u00f3n t\u00e9cnica para verificar el cumplimiento de normativa y requisitos el\u00e9ctricos. Este servicio est\u00e1 dirigido a clientes que requieren certificaci\u00f3n el\u00e9ctrica formal [&hellip;]<\/p>\n","protected":false},"author":1,"featured_media":0,"parent":0,"menu_order":0,"comment_status":"closed","ping_status":"closed","template":"","meta":{"footnotes":""},"class_list":["post-380","page","type-page","status-publish","hentry"],"yoast_head":"<!-- This site is optimized with the Yoast SEO plugin v27.4 - https:\/\/yoast.com\/product\/yoast-seo-wordpress\/ -->\n<title>Certificaci\u00f3n el\u00e9ctrica en Costa Rica - Ingeniero El\u00e9ctrico<\/title>\n<meta name=\"description\" content=\"Certificaci\u00f3n el\u00e9ctrica para bancos en Costa Rica. Inspecci\u00f3n profesional para tr\u00e1mites de cr\u00e9dito y requisitos t\u00e9cnicos. Cotice hoy.\" \/>\n<meta name=\"robots\" content=\"index, follow, max-snippet:-1, max-image-preview:large, max-video-preview:-1\" \/>\n<link rel=\"canonical\" href=\"https:\/\/ingenieroelectricocr.com\/index.php\/certificacion-electrica-en-costa-rica\/\" \/>\n<meta property=\"og:locale\" content=\"en_US\" \/>\n<meta property=\"og:type\" content=\"article\" \/>\n<meta property=\"og:title\" content=\"Certificaci\u00f3n el\u00e9ctrica en Costa Rica - Ingeniero El\u00e9ctrico\" \/>\n<meta property=\"og:description\" content=\"Certificaci\u00f3n el\u00e9ctrica para bancos en Costa Rica. Inspecci\u00f3n profesional para tr\u00e1mites de cr\u00e9dito y requisitos t\u00e9cnicos. Cotice hoy.\" \/>\n<meta property=\"og:url\" content=\"https:\/\/ingenieroelectricocr.com\/index.php\/certificacion-electrica-en-costa-rica\/\" \/>\n<meta property=\"og:site_name\" content=\"Ingeniero El\u00e9ctrico\" \/>\n<meta property=\"article:modified_time\" content=\"2026-04-17T00:19:58+00:00\" \/>\n<meta property=\"og:image\" content=\"https:\/\/ingenieroelectricocr.com\/wp-content\/uploads\/2023\/07\/art_4-verificacion.jpg\" \/>\n\t<meta property=\"og:image:width\" content=\"1876\" \/>\n\t<meta property=\"og:image:height\" content=\"1876\" \/>\n\t<meta property=\"og:image:type\" content=\"image\/jpeg\" \/>\n<meta name=\"twitter:card\" content=\"summary_large_image\" \/>\n<meta name=\"twitter:label1\" content=\"Est. reading time\" \/>\n\t<meta name=\"twitter:data1\" content=\"2 minutes\" \/>\n<script type=\"application\/ld+json\" class=\"yoast-schema-graph\">{\"@context\":\"https:\\\/\\\/schema.org\",\"@graph\":[{\"@type\":\"WebPage\",\"@id\":\"https:\\\/\\\/ingenieroelectricocr.com\\\/index.php\\\/certificacion-electrica-en-costa-rica\\\/\",\"url\":\"https:\\\/\\\/ingenieroelectricocr.com\\\/index.php\\\/certificacion-electrica-en-costa-rica\\\/\",\"name\":\"Certificaci\u00f3n el\u00e9ctrica en Costa Rica - Ingeniero El\u00e9ctrico\",\"isPartOf\":{\"@id\":\"https:\\\/\\\/ingenieroelectricocr.com\\\/#website\"},\"primaryImageOfPage\":{\"@id\":\"https:\\\/\\\/ingenieroelectricocr.com\\\/index.php\\\/certificacion-electrica-en-costa-rica\\\/#primaryimage\"},\"image\":{\"@id\":\"https:\\\/\\\/ingenieroelectricocr.com\\\/index.php\\\/certificacion-electrica-en-costa-rica\\\/#primaryimage\"},\"thumbnailUrl\":\"http:\\\/\\\/ingenieroelectricocr.com\\\/wp-content\\\/uploads\\\/2023\\\/07\\\/art_4-verificacion-1024x1024.jpg\",\"datePublished\":\"2026-04-16T23:49:04+00:00\",\"dateModified\":\"2026-04-17T00:19:58+00:00\",\"description\":\"Certificaci\u00f3n el\u00e9ctrica para bancos en Costa Rica. Inspecci\u00f3n profesional para tr\u00e1mites de cr\u00e9dito y requisitos t\u00e9cnicos. Cotice hoy.\",\"breadcrumb\":{\"@id\":\"https:\\\/\\\/ingenieroelectricocr.com\\\/index.php\\\/certificacion-electrica-en-costa-rica\\\/#breadcrumb\"},\"inLanguage\":\"en-US\",\"potentialAction\":[{\"@type\":\"ReadAction\",\"target\":[\"https:\\\/\\\/ingenieroelectricocr.com\\\/index.php\\\/certificacion-electrica-en-costa-rica\\\/\"]}]},{\"@type\":\"ImageObject\",\"inLanguage\":\"en-US\",\"@id\":\"https:\\\/\\\/ingenieroelectricocr.com\\\/index.php\\\/certificacion-electrica-en-costa-rica\\\/#primaryimage\",\"url\":\"http:\\\/\\\/ingenieroelectricocr.com\\\/wp-content\\\/uploads\\\/2023\\\/07\\\/art_4-verificacion-1024x1024.jpg\",\"contentUrl\":\"http:\\\/\\\/ingenieroelectricocr.com\\\/wp-content\\\/uploads\\\/2023\\\/07\\\/art_4-verificacion-1024x1024.jpg\"},{\"@type\":\"BreadcrumbList\",\"@id\":\"https:\\\/\\\/ingenieroelectricocr.com\\\/index.php\\\/certificacion-electrica-en-costa-rica\\\/#breadcrumb\",\"itemListElement\":[{\"@type\":\"ListItem\",\"position\":1,\"name\":\"Portada\",\"item\":\"https:\\\/\\\/ingenieroelectricocr.com\\\/\"},{\"@type\":\"ListItem\",\"position\":2,\"name\":\"Certificaci\u00f3n el\u00e9ctrica en Costa Rica\"}]},{\"@type\":\"WebSite\",\"@id\":\"https:\\\/\\\/ingenieroelectricocr.com\\\/#website\",\"url\":\"https:\\\/\\\/ingenieroelectricocr.com\\\/\",\"name\":\"Ingeniero El\u00e9ctrico\",\"description\":\"Tramitamos sus proyectos el\u00e9ctricos en el CFIA, consulte por nuestros servicios.\",\"publisher\":{\"@id\":\"https:\\\/\\\/ingenieroelectricocr.com\\\/#\\\/schema\\\/person\\\/c5168fd65f62c7f0e77d2960defb1a37\"},\"alternateName\":\"Ingeniero el\u00e9ctrico Miguel\",\"potentialAction\":[{\"@type\":\"SearchAction\",\"target\":{\"@type\":\"EntryPoint\",\"urlTemplate\":\"https:\\\/\\\/ingenieroelectricocr.com\\\/?s={search_term_string}\"},\"query-input\":{\"@type\":\"PropertyValueSpecification\",\"valueRequired\":true,\"valueName\":\"search_term_string\"}}],\"inLanguage\":\"en-US\"},{\"@type\":[\"Person\",\"Organization\"],\"@id\":\"https:\\\/\\\/ingenieroelectricocr.com\\\/#\\\/schema\\\/person\\\/c5168fd65f62c7f0e77d2960defb1a37\",\"name\":\"ingenieroelectricocr.com\",\"image\":{\"@type\":\"ImageObject\",\"inLanguage\":\"en-US\",\"@id\":\"https:\\\/\\\/ingenieroelectricocr.com\\\/wp-content\\\/uploads\\\/2023\\\/07\\\/cropped-cropped-MiguelRojas30_1-ing-miguel.png\",\"url\":\"https:\\\/\\\/ingenieroelectricocr.com\\\/wp-content\\\/uploads\\\/2023\\\/07\\\/cropped-cropped-MiguelRojas30_1-ing-miguel.png\",\"contentUrl\":\"https:\\\/\\\/ingenieroelectricocr.com\\\/wp-content\\\/uploads\\\/2023\\\/07\\\/cropped-cropped-MiguelRojas30_1-ing-miguel.png\",\"width\":512,\"height\":171,\"caption\":\"ingenieroelectricocr.com\"},\"logo\":{\"@id\":\"https:\\\/\\\/ingenieroelectricocr.com\\\/wp-content\\\/uploads\\\/2023\\\/07\\\/cropped-cropped-MiguelRojas30_1-ing-miguel.png\"},\"sameAs\":[\"http:\\\/\\\/ingenieroelectricocr.com\"]}]}<\/script>\n<!-- \/ Yoast SEO plugin. -->","yoast_head_json":{"title":"Certificaci\u00f3n el\u00e9ctrica en Costa Rica - Ingeniero El\u00e9ctrico","description":"Certificaci\u00f3n el\u00e9ctrica para bancos en Costa Rica. Inspecci\u00f3n profesional para tr\u00e1mites de cr\u00e9dito y requisitos t\u00e9cnicos. Cotice hoy.","robots":{"index":"index","follow":"follow","max-snippet":"max-snippet:-1","max-image-preview":"max-image-preview:large","max-video-preview":"max-video-preview:-1"},"canonical":"https:\/\/ingenieroelectricocr.com\/index.php\/certificacion-electrica-en-costa-rica\/","og_locale":"en_US","og_type":"article","og_title":"Certificaci\u00f3n el\u00e9ctrica en Costa Rica - Ingeniero El\u00e9ctrico","og_description":"Certificaci\u00f3n el\u00e9ctrica para bancos en Costa Rica. Inspecci\u00f3n profesional para tr\u00e1mites de cr\u00e9dito y requisitos t\u00e9cnicos. Cotice hoy.","og_url":"https:\/\/ingenieroelectricocr.com\/index.php\/certificacion-electrica-en-costa-rica\/","og_site_name":"Ingeniero El\u00e9ctrico","article_modified_time":"2026-04-17T00:19:58+00:00","og_image":[{"width":1876,"height":1876,"url":"https:\/\/ingenieroelectricocr.com\/wp-content\/uploads\/2023\/07\/art_4-verificacion.jpg","type":"image\/jpeg"}],"twitter_card":"summary_large_image","twitter_misc":{"Est. reading time":"2 minutes"},"schema":{"@context":"https:\/\/schema.org","@graph":[{"@type":"WebPage","@id":"https:\/\/ingenieroelectricocr.com\/index.php\/certificacion-electrica-en-costa-rica\/","url":"https:\/\/ingenieroelectricocr.com\/index.php\/certificacion-electrica-en-costa-rica\/","name":"Certificaci\u00f3n el\u00e9ctrica en Costa Rica - Ingeniero El\u00e9ctrico","isPartOf":{"@id":"https:\/\/ingenieroelectricocr.com\/#website"},"primaryImageOfPage":{"@id":"https:\/\/ingenieroelectricocr.com\/index.php\/certificacion-electrica-en-costa-rica\/#primaryimage"},"image":{"@id":"https:\/\/ingenieroelectricocr.com\/index.php\/certificacion-electrica-en-costa-rica\/#primaryimage"},"thumbnailUrl":"http:\/\/ingenieroelectricocr.com\/wp-content\/uploads\/2023\/07\/art_4-verificacion-1024x1024.jpg","datePublished":"2026-04-16T23:49:04+00:00","dateModified":"2026-04-17T00:19:58+00:00","description":"Certificaci\u00f3n el\u00e9ctrica para bancos en Costa Rica. Inspecci\u00f3n profesional para tr\u00e1mites de cr\u00e9dito y requisitos t\u00e9cnicos. Cotice hoy.","breadcrumb":{"@id":"https:\/\/ingenieroelectricocr.com\/index.php\/certificacion-electrica-en-costa-rica\/#breadcrumb"},"inLanguage":"en-US","potentialAction":[{"@type":"ReadAction","target":["https:\/\/ingenieroelectricocr.com\/index.php\/certificacion-electrica-en-costa-rica\/"]}]},{"@type":"ImageObject","inLanguage":"en-US","@id":"https:\/\/ingenieroelectricocr.com\/index.php\/certificacion-electrica-en-costa-rica\/#primaryimage","url":"http:\/\/ingenieroelectricocr.com\/wp-content\/uploads\/2023\/07\/art_4-verificacion-1024x1024.jpg","contentUrl":"http:\/\/ingenieroelectricocr.com\/wp-content\/uploads\/2023\/07\/art_4-verificacion-1024x1024.jpg"},{"@type":"BreadcrumbList","@id":"https:\/\/ingenieroelectricocr.com\/index.php\/certificacion-electrica-en-costa-rica\/#breadcrumb","itemListElement":[{"@type":"ListItem","position":1,"name":"Portada","item":"https:\/\/ingenieroelectricocr.com\/"},{"@type":"ListItem","position":2,"name":"Certificaci\u00f3n el\u00e9ctrica en Costa Rica"}]},{"@type":"WebSite","@id":"https:\/\/ingenieroelectricocr.com\/#website","url":"https:\/\/ingenieroelectricocr.com\/","name":"Ingeniero El\u00e9ctrico","description":"Tramitamos sus proyectos el\u00e9ctricos en el CFIA, consulte por nuestros servicios.","publisher":{"@id":"https:\/\/ingenieroelectricocr.com\/#\/schema\/person\/c5168fd65f62c7f0e77d2960defb1a37"},"alternateName":"Ingeniero el\u00e9ctrico Miguel","potentialAction":[{"@type":"SearchAction","target":{"@type":"EntryPoint","urlTemplate":"https:\/\/ingenieroelectricocr.com\/?s={search_term_string}"},"query-input":{"@type":"PropertyValueSpecification","valueRequired":true,"valueName":"search_term_string"}}],"inLanguage":"en-US"},{"@type":["Person","Organization"],"@id":"https:\/\/ingenieroelectricocr.com\/#\/schema\/person\/c5168fd65f62c7f0e77d2960defb1a37","name":"ingenieroelectricocr.com","image":{"@type":"ImageObject","inLanguage":"en-US","@id":"https:\/\/ingenieroelectricocr.com\/wp-content\/uploads\/2023\/07\/cropped-cropped-MiguelRojas30_1-ing-miguel.png","url":"https:\/\/ingenieroelectricocr.com\/wp-content\/uploads\/2023\/07\/cropped-cropped-MiguelRojas30_1-ing-miguel.png","contentUrl":"https:\/\/ingenieroelectricocr.com\/wp-content\/uploads\/2023\/07\/cropped-cropped-MiguelRojas30_1-ing-miguel.png","width":512,"height":171,"caption":"ingenieroelectricocr.com"},"logo":{"@id":"https:\/\/ingenieroelectricocr.com\/wp-content\/uploads\/2023\/07\/cropped-cropped-MiguelRojas30_1-ing-miguel.png"},"sameAs":["http:\/\/ingenieroelectricocr.com"]}]}},"_links":{"self":[{"href":"https:\/\/ingenieroelectricocr.com\/index.php\/wp-json\/wp\/v2\/pages\/380","targetHints":{"allow":["GET"]}}],"collection":[{"href":"https:\/\/ingenieroelectricocr.com\/index.php\/wp-json\/wp\/v2\/pages"}],"about":[{"href":"https:\/\/ingenieroelectricocr.com\/index.php\/wp-json\/wp\/v2\/types\/page"}],"author":[{"embeddable":true,"href":"https:\/\/ingenieroelectricocr.com\/index.php\/wp-json\/wp\/v2\/users\/1"}],"replies":[{"embeddable":true,"href":"https:\/\/ingenieroelectricocr.com\/index.php\/wp-json\/wp\/v2\/comments?post=380"}],"version-history":[{"count":10,"href":"https:\/\/ingenieroelectricocr.com\/index.php\/wp-json\/wp\/v2\/pages\/380\/revisions"}],"predecessor-version":[{"id":402,"href":"https:\/\/ingenieroelectricocr.com\/index.php\/wp-json\/wp\/v2\/pages\/380\/revisions\/402"}],"wp:attachment":[{"href":"https:\/\/ingenieroelectricocr.com\/index.php\/wp-json\/wp\/v2\/media?parent=380"}],"curies":[{"name":"wp","href":"https:\/\/api.w.org\/{rel}","templated":true}]}}