{"id":351,"date":"2026-03-30T14:13:12","date_gmt":"2026-03-30T14:13:12","guid":{"rendered":"https:\/\/ingenieroelectricocr.com\/?page_id=351"},"modified":"2026-05-01T14:23:24","modified_gmt":"2026-05-01T14:23:24","slug":"ingeniero-electrico-costa-rica","status":"publish","type":"page","link":"https:\/\/ingenieroelectricocr.com\/","title":{"rendered":"Ingeniero El\u00e9ctrico San Jos\u00e9 Desamparados"},"content":{"rendered":"\t\t<div data-elementor-type=\"wp-page\" data-elementor-id=\"351\" class=\"elementor elementor-351\">\n\t\t\t\t\t\t<section class=\"elementor-section elementor-top-section elementor-element elementor-element-53d15f4 elementor-section-boxed elementor-section-height-default elementor-section-height-default\" data-id=\"53d15f4\" data-element_type=\"section\" data-e-type=\"section\">\n\t\t\t\t\t\t<div class=\"elementor-container elementor-column-gap-default\">\n\t\t\t\t\t<div class=\"elementor-column elementor-col-100 elementor-top-column elementor-element elementor-element-b0d8f3c\" data-id=\"b0d8f3c\" data-element_type=\"column\" data-e-type=\"column\">\n\t\t\t<div class=\"elementor-widget-wrap elementor-element-populated\">\n\t\t\t\t\t\t<div class=\"elementor-element elementor-element-ad92d27 elementor-widget elementor-widget-heading\" data-id=\"ad92d27\" data-element_type=\"widget\" data-e-type=\"widget\" data-widget_type=\"heading.default\">\n\t\t\t\t<div class=\"elementor-widget-container\">\n\t\t\t\t\t<h1 class=\"elementor-heading-title elementor-size-default\">Ingeniero El\u00e9ctrico en Costa Rica \u2013 Tr\u00e1mites, Planos y Certificaciones<\/h1>\t\t\t\t<\/div>\n\t\t\t\t<\/div>\n\t\t\t\t\t<\/div>\n\t\t<\/div>\n\t\t\t\t\t<\/div>\n\t\t<\/section>\n\t\t\t\t<section class=\"elementor-section elementor-top-section elementor-element elementor-element-c33b5c7 elementor-section-boxed elementor-section-height-default elementor-section-height-default\" data-id=\"c33b5c7\" data-element_type=\"section\" data-e-type=\"section\">\n\t\t\t\t\t\t<div class=\"elementor-container elementor-column-gap-default\">\n\t\t\t\t\t<div class=\"elementor-column elementor-col-100 elementor-top-column elementor-element elementor-element-2f86f22\" data-id=\"2f86f22\" data-element_type=\"column\" data-e-type=\"column\">\n\t\t\t<div class=\"elementor-widget-wrap elementor-element-populated\">\n\t\t\t\t\t\t<div class=\"elementor-element elementor-element-383bf05 elementor-widget elementor-widget-heading\" data-id=\"383bf05\" data-element_type=\"widget\" data-e-type=\"widget\" data-widget_type=\"heading.default\">\n\t\t\t\t<div class=\"elementor-widget-container\">\n\t\t\t\t\t<h2 class=\"elementor-heading-title elementor-size-default\">Soluciones r\u00e1pidas y seguras para medidores, planos CFIA e inspecciones el\u00e9ctricas<\/h2>\t\t\t\t<\/div>\n\t\t\t\t<\/div>\n\t\t\t\t\t<\/div>\n\t\t<\/div>\n\t\t\t\t\t<\/div>\n\t\t<\/section>\n\t\t\t\t<section class=\"elementor-section elementor-top-section elementor-element elementor-element-b4cee36 elementor-section-boxed elementor-section-height-default elementor-section-height-default\" data-id=\"b4cee36\" data-element_type=\"section\" data-e-type=\"section\">\n\t\t\t\t\t\t<div class=\"elementor-container elementor-column-gap-default\">\n\t\t\t\t\t<div class=\"elementor-column elementor-col-100 elementor-top-column elementor-element elementor-element-9310383\" data-id=\"9310383\" data-element_type=\"column\" data-e-type=\"column\">\n\t\t\t<div class=\"elementor-widget-wrap elementor-element-populated\">\n\t\t\t\t\t\t<div class=\"elementor-element elementor-element-f3575c7 elementor-widget elementor-widget-text-editor\" data-id=\"f3575c7\" data-element_type=\"widget\" data-e-type=\"widget\" data-widget_type=\"text-editor.default\">\n\t\t\t\t<div class=\"elementor-widget-container\">\n\t\t\t\t\t\t\t\t\t<h1>\u00a0<\/h1><h1>Servicios el\u00e9ctricos:<\/h1><p>\u2714 Planos el\u00e9ctricos CFIA<\/p><p>\u2714 Certificaci\u00f3n el\u00e9ctrica para bancos<\/p><p>\u2714 Verificaci\u00f3n el\u00e9ctrica para Ministerio de Salud<\/p><p>\u2714 Solicitud de medidores el\u00e9ctricos<\/p><p>\u2714 Inspecciones el\u00e9ctricas pr normativo y resultados confiables en cada proyecto.<\/p><p>\u00a0<\/p><h2>Atenci\u00f3n r\u00e1pida<\/h2><p>\u2714 Ingeniero colegiado<\/p><p>\u2714 Tr\u00e1mites completos<\/p><p>\u00a0<\/p><h1>Servicios principales:<\/h1><p>\u2714 Planos el\u00e9ctricos CFIA<\/p><p>\u2714 Tr\u00e1mite de medidor el\u00e9ctrico<\/p><p>\u2714 Certificaci\u00f3n el\u00e9ctrica (bancos \/ permisos)<\/p><p>\u2714 Inspecciones el\u00e9ctricas<\/p><h2>\u00a0<\/h2><h2>\u00bfPor qu\u00e9 elegir este servicio?<\/h2><p>\u2714 Ingeniero el\u00e9ctrico colegiado<\/p><p>\u2714 Experiencia en tr\u00e1mites reales<\/p><p>\u2714 Atenci\u00f3n r\u00e1pida por WhatsApp<\/p><p>\u2714 Evite rechazos y atrasos<\/p><p>\u00a0<\/p><h2>\u00bfC\u00f3mo trabajamos?<\/h2><p>Contacto por WhatsApp<\/p><p>Revisi\u00f3n del proyecto<\/p><p>Elaboraci\u00f3n \/ tr\u00e1mite<\/p><p>Entrega y seguimiento<\/p><p>\u00a0<\/p><h1>Cobertura:<\/h1><p>San Jos\u00e9 \u2013 Desamparados\u00a0<\/p><p>\u00bfNecesita ayuda con su proyecto el\u00e9ctrico?<\/p><p>\ud83d\udc49 Escr\u00edbame y le asesoro sin compromiso<\/p><p>\ud83d\udcf2 WhatsApp: 8316-8190<\/p>\t\t\t\t\t\t\t\t<\/div>\n\t\t\t\t<\/div>\n\t\t\t\t\t<\/div>\n\t\t<\/div>\n\t\t\t\t\t<\/div>\n\t\t<\/section>\n\t\t\t\t<section class=\"elementor-section elementor-top-section elementor-element elementor-element-2533cbe elementor-section-boxed elementor-section-height-default elementor-section-height-default\" data-id=\"2533cbe\" data-element_type=\"section\" data-e-type=\"section\">\n\t\t\t\t\t\t<div class=\"elementor-container elementor-column-gap-default\">\n\t\t\t\t\t<div class=\"elementor-column elementor-col-100 elementor-top-column elementor-element elementor-element-5032260\" data-id=\"5032260\" data-element_type=\"column\" data-e-type=\"column\">\n\t\t\t<div class=\"elementor-widget-wrap elementor-element-populated\">\n\t\t\t\t\t\t<div class=\"elementor-element elementor-element-af5106b elementor-widget elementor-widget-button\" data-id=\"af5106b\" data-element_type=\"widget\" data-e-type=\"widget\" data-widget_type=\"button.default\">\n\t\t\t\t<div class=\"elementor-widget-container\">\n\t\t\t\t\t\t\t\t\t<div class=\"elementor-button-wrapper\">\n\t\t\t\t\t<a class=\"elementor-button elementor-button-link elementor-size-sm\" href=\"#\">\n\t\t\t\t\t\t<span class=\"elementor-button-content-wrapper\">\n\t\t\t\t\t\t\t\t\t<span class=\"elementor-button-text\">Hola, necesito un ingeniero el\u00e9ctrico en Costa Rica para un proyecto<\/span>\n\t\t\t\t\t<\/span>\n\t\t\t\t\t<\/a>\n\t\t\t\t<\/div>\n\t\t\t\t\t\t\t\t<\/div>\n\t\t\t\t<\/div>\n\t\t\t\t\t<\/div>\n\t\t<\/div>\n\t\t\t\t\t<\/div>\n\t\t<\/section>\n\t\t\t\t<section class=\"elementor-section elementor-top-section elementor-element elementor-element-bad2326 elementor-section-boxed elementor-section-height-default elementor-section-height-default\" data-id=\"bad2326\" data-element_type=\"section\" data-e-type=\"section\">\n\t\t\t\t\t\t<div class=\"elementor-container elementor-column-gap-default\">\n\t\t\t\t\t<div class=\"elementor-column elementor-col-100 elementor-top-column elementor-element elementor-element-23bd192\" data-id=\"23bd192\" data-element_type=\"column\" data-e-type=\"column\">\n\t\t\t<div class=\"elementor-widget-wrap elementor-element-populated\">\n\t\t\t\t\t\t<div class=\"elementor-element elementor-element-8e9d73d elementor-widget elementor-widget-image\" data-id=\"8e9d73d\" data-element_type=\"widget\" data-e-type=\"widget\" data-widget_type=\"image.default\">\n\t\t\t\t<div class=\"elementor-widget-container\">\n\t\t\t\t\t\t\t\t\t\t\t\t\t\t\t<img fetchpriority=\"high\" decoding=\"async\" width=\"1024\" height=\"683\" src=\"https:\/\/ingenieroelectricocr.com\/wp-content\/uploads\/2026\/05\/file_0000000012d8720ea4e372bf1a535a93-1024x683.png\" class=\"attachment-large size-large wp-image-505\" alt=\"\" srcset=\"https:\/\/ingenieroelectricocr.com\/wp-content\/uploads\/2026\/05\/file_0000000012d8720ea4e372bf1a535a93-1024x683.png 1024w, https:\/\/ingenieroelectricocr.com\/wp-content\/uploads\/2026\/05\/file_0000000012d8720ea4e372bf1a535a93-300x200.png 300w, https:\/\/ingenieroelectricocr.com\/wp-content\/uploads\/2026\/05\/file_0000000012d8720ea4e372bf1a535a93-768x512.png 768w, https:\/\/ingenieroelectricocr.com\/wp-content\/uploads\/2026\/05\/file_0000000012d8720ea4e372bf1a535a93.png 1536w\" sizes=\"(max-width: 1024px) 100vw, 1024px\" \/>\t\t\t\t\t\t\t\t\t\t\t\t\t\t\t<\/div>\n\t\t\t\t<\/div>\n\t\t\t\t\t<\/div>\n\t\t<\/div>\n\t\t\t\t\t<\/div>\n\t\t<\/section>\n\t\t\t\t<\/div>\n\t\t","protected":false},"excerpt":{"rendered":"<p>Ingeniero El\u00e9ctrico en Costa Rica \u2013 Tr\u00e1mites, Planos y Certificaciones Soluciones r\u00e1pidas y seguras para medidores, planos CFIA e inspecciones el\u00e9ctricas \u00a0 Servicios el\u00e9ctricos: \u2714 Planos el\u00e9ctricos CFIA \u2714 Certificaci\u00f3n el\u00e9ctrica para bancos \u2714 Verificaci\u00f3n el\u00e9ctrica para Ministerio de Salud \u2714 Solicitud de medidores el\u00e9ctricos \u2714 Inspecciones el\u00e9ctricas pr normativo y resultados confiables en cada [&hellip;]<\/p>\n","protected":false},"author":1,"featured_media":0,"parent":0,"menu_order":0,"comment_status":"closed","ping_status":"closed","template":"elementor_canvas","meta":{"footnotes":""},"class_list":["post-351","page","type-page","status-publish","hentry"],"yoast_head":"<!-- This site is optimized with the Yoast SEO plugin v27.5 - https:\/\/yoast.com\/product\/yoast-seo-wordpress\/ -->\n<title>Ingeniero El\u00e9ctrico en San Jos\u00e9 Desampar| Planos CFIA y Tr\u00e1mites<\/title>\n<meta name=\"description\" content=\"Ingeniero el\u00e9ctrico en Costa Rica. Planos el\u00e9ctricos CFIA, solicitud de medidores y tr\u00e1mites el\u00e9ctricos profesionales. Cotice su proyecto\" \/>\n<meta name=\"robots\" content=\"index, follow, max-snippet:-1, max-image-preview:large, max-video-preview:-1\" \/>\n<link rel=\"canonical\" href=\"https:\/\/ingenieroelectricocr.com\/\" \/>\n<meta property=\"og:locale\" content=\"en_US\" \/>\n<meta property=\"og:type\" content=\"article\" \/>\n<meta property=\"og:title\" content=\"Ingeniero El\u00e9ctrico en San Jos\u00e9 Desampar| Planos CFIA y Tr\u00e1mites\" \/>\n<meta property=\"og:description\" content=\"Ingeniero el\u00e9ctrico en Costa Rica. Planos el\u00e9ctricos CFIA, solicitud de medidores y tr\u00e1mites el\u00e9ctricos profesionales. Cotice su proyecto\" \/>\n<meta property=\"og:url\" content=\"https:\/\/ingenieroelectricocr.com\/\" \/>\n<meta property=\"og:site_name\" content=\"Ingeniero El\u00e9ctrico\" \/>\n<meta property=\"article:modified_time\" content=\"2026-05-01T14:23:24+00:00\" \/>\n<meta property=\"og:image\" content=\"http:\/\/ingenieroelectricocr.com\/wp-content\/uploads\/2026\/05\/file_0000000012d8720ea4e372bf1a535a93-1024x683.png\" \/>\n<meta name=\"twitter:card\" content=\"summary_large_image\" \/>\n<meta name=\"twitter:label1\" content=\"Est. reading time\" \/>\n\t<meta name=\"twitter:data1\" content=\"5 minutes\" \/>\n<script type=\"application\/ld+json\" class=\"yoast-schema-graph\">{\"@context\":\"https:\\\/\\\/schema.org\",\"@graph\":[{\"@type\":\"WebPage\",\"@id\":\"https:\\\/\\\/ingenieroelectricocr.com\\\/\",\"url\":\"https:\\\/\\\/ingenieroelectricocr.com\\\/\",\"name\":\"Ingeniero El\u00e9ctrico en San Jos\u00e9 Desampar| Planos CFIA y Tr\u00e1mites\",\"isPartOf\":{\"@id\":\"https:\\\/\\\/ingenieroelectricocr.com\\\/#website\"},\"primaryImageOfPage\":{\"@id\":\"https:\\\/\\\/ingenieroelectricocr.com\\\/#primaryimage\"},\"image\":{\"@id\":\"https:\\\/\\\/ingenieroelectricocr.com\\\/#primaryimage\"},\"thumbnailUrl\":\"http:\\\/\\\/ingenieroelectricocr.com\\\/wp-content\\\/uploads\\\/2026\\\/05\\\/file_0000000012d8720ea4e372bf1a535a93-1024x683.png\",\"datePublished\":\"2026-03-30T14:13:12+00:00\",\"dateModified\":\"2026-05-01T14:23:24+00:00\",\"description\":\"Ingeniero el\u00e9ctrico en Costa Rica. Planos el\u00e9ctricos CFIA, solicitud de medidores y tr\u00e1mites el\u00e9ctricos profesionales. Cotice su proyecto\",\"breadcrumb\":{\"@id\":\"https:\\\/\\\/ingenieroelectricocr.com\\\/#breadcrumb\"},\"inLanguage\":\"en-US\",\"potentialAction\":[{\"@type\":\"ReadAction\",\"target\":[\"https:\\\/\\\/ingenieroelectricocr.com\\\/\"]}]},{\"@type\":\"ImageObject\",\"inLanguage\":\"en-US\",\"@id\":\"https:\\\/\\\/ingenieroelectricocr.com\\\/#primaryimage\",\"url\":\"https:\\\/\\\/ingenieroelectricocr.com\\\/wp-content\\\/uploads\\\/2026\\\/05\\\/file_0000000012d8720ea4e372bf1a535a93.png\",\"contentUrl\":\"https:\\\/\\\/ingenieroelectricocr.com\\\/wp-content\\\/uploads\\\/2026\\\/05\\\/file_0000000012d8720ea4e372bf1a535a93.png\",\"width\":1536,\"height\":1024},{\"@type\":\"BreadcrumbList\",\"@id\":\"https:\\\/\\\/ingenieroelectricocr.com\\\/#breadcrumb\",\"itemListElement\":[{\"@type\":\"ListItem\",\"position\":1,\"name\":\"Portada\",\"item\":\"https:\\\/\\\/ingenieroelectricocr.com\\\/\"},{\"@type\":\"ListItem\",\"position\":2,\"name\":\"Ingeniero El\u00e9ctrico San Jos\u00e9 Desamparados\"}]},{\"@type\":\"WebSite\",\"@id\":\"https:\\\/\\\/ingenieroelectricocr.com\\\/#website\",\"url\":\"https:\\\/\\\/ingenieroelectricocr.com\\\/\",\"name\":\"Ingeniero El\u00e9ctrico\",\"description\":\"Tramitamos sus proyectos el\u00e9ctricos en el CFIA, consulte por nuestros servicios.\",\"publisher\":{\"@id\":\"https:\\\/\\\/ingenieroelectricocr.com\\\/#\\\/schema\\\/person\\\/c5168fd65f62c7f0e77d2960defb1a37\"},\"alternateName\":\"Ingeniero el\u00e9ctrico Miguel\",\"potentialAction\":[{\"@type\":\"SearchAction\",\"target\":{\"@type\":\"EntryPoint\",\"urlTemplate\":\"https:\\\/\\\/ingenieroelectricocr.com\\\/?s={search_term_string}\"},\"query-input\":{\"@type\":\"PropertyValueSpecification\",\"valueRequired\":true,\"valueName\":\"search_term_string\"}}],\"inLanguage\":\"en-US\"},{\"@type\":[\"Person\",\"Organization\"],\"@id\":\"https:\\\/\\\/ingenieroelectricocr.com\\\/#\\\/schema\\\/person\\\/c5168fd65f62c7f0e77d2960defb1a37\",\"name\":\"ingenieroelectricocr.com\",\"image\":{\"@type\":\"ImageObject\",\"inLanguage\":\"en-US\",\"@id\":\"https:\\\/\\\/ingenieroelectricocr.com\\\/wp-content\\\/uploads\\\/2023\\\/07\\\/cropped-cropped-MiguelRojas30_1-ing-miguel.png\",\"url\":\"https:\\\/\\\/ingenieroelectricocr.com\\\/wp-content\\\/uploads\\\/2023\\\/07\\\/cropped-cropped-MiguelRojas30_1-ing-miguel.png\",\"contentUrl\":\"https:\\\/\\\/ingenieroelectricocr.com\\\/wp-content\\\/uploads\\\/2023\\\/07\\\/cropped-cropped-MiguelRojas30_1-ing-miguel.png\",\"width\":512,\"height\":171,\"caption\":\"ingenieroelectricocr.com\"},\"logo\":{\"@id\":\"https:\\\/\\\/ingenieroelectricocr.com\\\/wp-content\\\/uploads\\\/2023\\\/07\\\/cropped-cropped-MiguelRojas30_1-ing-miguel.png\"},\"sameAs\":[\"http:\\\/\\\/ingenieroelectricocr.com\"]}]}<\/script>\n<!-- \/ Yoast SEO plugin. -->","yoast_head_json":{"title":"Ingeniero El\u00e9ctrico en San Jos\u00e9 Desampar| Planos CFIA y Tr\u00e1mites","description":"Ingeniero el\u00e9ctrico en Costa Rica. Planos el\u00e9ctricos CFIA, solicitud de medidores y tr\u00e1mites el\u00e9ctricos profesionales. Cotice su proyecto","robots":{"index":"index","follow":"follow","max-snippet":"max-snippet:-1","max-image-preview":"max-image-preview:large","max-video-preview":"max-video-preview:-1"},"canonical":"https:\/\/ingenieroelectricocr.com\/","og_locale":"en_US","og_type":"article","og_title":"Ingeniero El\u00e9ctrico en San Jos\u00e9 Desampar| Planos CFIA y Tr\u00e1mites","og_description":"Ingeniero el\u00e9ctrico en Costa Rica. Planos el\u00e9ctricos CFIA, solicitud de medidores y tr\u00e1mites el\u00e9ctricos profesionales. Cotice su proyecto","og_url":"https:\/\/ingenieroelectricocr.com\/","og_site_name":"Ingeniero El\u00e9ctrico","article_modified_time":"2026-05-01T14:23:24+00:00","og_image":[{"url":"http:\/\/ingenieroelectricocr.com\/wp-content\/uploads\/2026\/05\/file_0000000012d8720ea4e372bf1a535a93-1024x683.png","type":"","width":"","height":""}],"twitter_card":"summary_large_image","twitter_misc":{"Est. reading time":"5 minutes"},"schema":{"@context":"https:\/\/schema.org","@graph":[{"@type":"WebPage","@id":"https:\/\/ingenieroelectricocr.com\/","url":"https:\/\/ingenieroelectricocr.com\/","name":"Ingeniero El\u00e9ctrico en San Jos\u00e9 Desampar| Planos CFIA y Tr\u00e1mites","isPartOf":{"@id":"https:\/\/ingenieroelectricocr.com\/#website"},"primaryImageOfPage":{"@id":"https:\/\/ingenieroelectricocr.com\/#primaryimage"},"image":{"@id":"https:\/\/ingenieroelectricocr.com\/#primaryimage"},"thumbnailUrl":"http:\/\/ingenieroelectricocr.com\/wp-content\/uploads\/2026\/05\/file_0000000012d8720ea4e372bf1a535a93-1024x683.png","datePublished":"2026-03-30T14:13:12+00:00","dateModified":"2026-05-01T14:23:24+00:00","description":"Ingeniero el\u00e9ctrico en Costa Rica. Planos el\u00e9ctricos CFIA, solicitud de medidores y tr\u00e1mites el\u00e9ctricos profesionales. Cotice su proyecto","breadcrumb":{"@id":"https:\/\/ingenieroelectricocr.com\/#breadcrumb"},"inLanguage":"en-US","potentialAction":[{"@type":"ReadAction","target":["https:\/\/ingenieroelectricocr.com\/"]}]},{"@type":"ImageObject","inLanguage":"en-US","@id":"https:\/\/ingenieroelectricocr.com\/#primaryimage","url":"https:\/\/ingenieroelectricocr.com\/wp-content\/uploads\/2026\/05\/file_0000000012d8720ea4e372bf1a535a93.png","contentUrl":"https:\/\/ingenieroelectricocr.com\/wp-content\/uploads\/2026\/05\/file_0000000012d8720ea4e372bf1a535a93.png","width":1536,"height":1024},{"@type":"BreadcrumbList","@id":"https:\/\/ingenieroelectricocr.com\/#breadcrumb","itemListElement":[{"@type":"ListItem","position":1,"name":"Portada","item":"https:\/\/ingenieroelectricocr.com\/"},{"@type":"ListItem","position":2,"name":"Ingeniero El\u00e9ctrico San Jos\u00e9 Desamparados"}]},{"@type":"WebSite","@id":"https:\/\/ingenieroelectricocr.com\/#website","url":"https:\/\/ingenieroelectricocr.com\/","name":"Ingeniero El\u00e9ctrico","description":"Tramitamos sus proyectos el\u00e9ctricos en el CFIA, consulte por nuestros servicios.","publisher":{"@id":"https:\/\/ingenieroelectricocr.com\/#\/schema\/person\/c5168fd65f62c7f0e77d2960defb1a37"},"alternateName":"Ingeniero el\u00e9ctrico Miguel","potentialAction":[{"@type":"SearchAction","target":{"@type":"EntryPoint","urlTemplate":"https:\/\/ingenieroelectricocr.com\/?s={search_term_string}"},"query-input":{"@type":"PropertyValueSpecification","valueRequired":true,"valueName":"search_term_string"}}],"inLanguage":"en-US"},{"@type":["Person","Organization"],"@id":"https:\/\/ingenieroelectricocr.com\/#\/schema\/person\/c5168fd65f62c7f0e77d2960defb1a37","name":"ingenieroelectricocr.com","image":{"@type":"ImageObject","inLanguage":"en-US","@id":"https:\/\/ingenieroelectricocr.com\/wp-content\/uploads\/2023\/07\/cropped-cropped-MiguelRojas30_1-ing-miguel.png","url":"https:\/\/ingenieroelectricocr.com\/wp-content\/uploads\/2023\/07\/cropped-cropped-MiguelRojas30_1-ing-miguel.png","contentUrl":"https:\/\/ingenieroelectricocr.com\/wp-content\/uploads\/2023\/07\/cropped-cropped-MiguelRojas30_1-ing-miguel.png","width":512,"height":171,"caption":"ingenieroelectricocr.com"},"logo":{"@id":"https:\/\/ingenieroelectricocr.com\/wp-content\/uploads\/2023\/07\/cropped-cropped-MiguelRojas30_1-ing-miguel.png"},"sameAs":["http:\/\/ingenieroelectricocr.com"]}]}},"_links":{"self":[{"href":"https:\/\/ingenieroelectricocr.com\/index.php\/wp-json\/wp\/v2\/pages\/351","targetHints":{"allow":["GET"]}}],"collection":[{"href":"https:\/\/ingenieroelectricocr.com\/index.php\/wp-json\/wp\/v2\/pages"}],"about":[{"href":"https:\/\/ingenieroelectricocr.com\/index.php\/wp-json\/wp\/v2\/types\/page"}],"author":[{"embeddable":true,"href":"https:\/\/ingenieroelectricocr.com\/index.php\/wp-json\/wp\/v2\/users\/1"}],"replies":[{"embeddable":true,"href":"https:\/\/ingenieroelectricocr.com\/index.php\/wp-json\/wp\/v2\/comments?post=351"}],"version-history":[{"count":36,"href":"https:\/\/ingenieroelectricocr.com\/index.php\/wp-json\/wp\/v2\/pages\/351\/revisions"}],"predecessor-version":[{"id":508,"href":"https:\/\/ingenieroelectricocr.com\/index.php\/wp-json\/wp\/v2\/pages\/351\/revisions\/508"}],"wp:attachment":[{"href":"https:\/\/ingenieroelectricocr.com\/index.php\/wp-json\/wp\/v2\/media?parent=351"}],"curies":[{"name":"wp","href":"https:\/\/api.w.org\/{rel}","templated":true}]}}